{"id":17,"date":"2025-08-30T18:47:39","date_gmt":"2025-08-30T16:47:39","guid":{"rendered":"https:\/\/pyreneesairtour.wordpress.com\/?page_id=17"},"modified":"2025-08-30T18:47:39","modified_gmt":"2025-08-30T16:47:39","slug":"terrain-de-jeu","status":"publish","type":"page","link":"https:\/\/nouvlair.fr\/index.php\/terrain-de-jeu\/","title":{"rendered":"Terrain de jeu"},"content":{"rendered":"\n<div class=\"wp-block-group alignwide has-global-padding is-layout-constrained wp-container-core-group-is-layout-968e889d wp-block-group-is-layout-constrained has-background\" style=\"border-radius:32px;padding-right:var(--wp--preset--spacing--10);padding-left:var(--wp--preset--spacing--10);background-image:url(&apos;http:\/\/nouvlair.fr\/wp-content\/uploads\/2025\/08\/tcp-redimm.jpg&apos;);background-position:89% 2%;background-size:cover;background-attachment:scroll;\">\n<div style=\"height:7px\" aria-hidden=\"true\" class=\"wp-block-spacer\"><\/div>\n\n\n\n<h1 class=\"wp-block-heading has-text-align-center is-style-default has-contrast-color has-text-color has-link-color has-urbanist-font-family wp-elements-cb6afce0ac41de85a5ebd11bd603e410\" style=\"font-size:clamp(0.984rem, 0.984rem + ((1vw - 0.2rem) * 0.607), 1.5rem);line-height:1.2\">Au d\u00e9part de la vall\u00e9e d&rsquo;O\u00f4, la comp\u00e9tition se d\u00e9roule ensuite dans la partie centrale des Pyr\u00e9n\u00e9es, avec pour point de ralliement <strong>le lac d&rsquo;Espingo et son refuge<\/strong>. En fonction des conditions m\u00e9t\u00e9o le jour J, les balises \u00e0 aller chercher sont plus ou moins \u00e9loign\u00e9es du refuge.<\/h1>\n\n\n\n<div style=\"height:327px\" aria-hidden=\"true\" class=\"wp-block-spacer\"><\/div>\n<\/div>\n\n\n\n<div class=\"wp-block-group alignfull is-nowrap is-layout-flex wp-container-core-group-is-layout-7deda870 wp-block-group-is-layout-flex\" style=\"padding-top:0;padding-right:var(--wp--preset--spacing--50);padding-bottom:0;padding-left:var(--wp--preset--spacing--50)\">\n<div class=\"wp-block-jetpack-map is-style-terrain\" data-map-style=\"terrain\" data-map-details=\"true\" data-points=\"[{&quot;placeTitle&quot;:&quot;Lac d'O\u00f4, Haute-Garonne, France&quot;,&quot;title&quot;:&quot;Lac d'O\u00f4, Haute-Garonne, France&quot;,&quot;caption&quot;:&quot;Lac d'O\u00f4, Haute-Garonne, France&quot;,&quot;coordinates&quot;:{&quot;longitude&quot;:0.4926678,&quot;latitude&quot;:42.7405178},&quot;id&quot;:&quot;Lac d'O\u00f4, Haute-Garonne, France 42.74 0.49&quot;}]\" data-zoom=\"11.523494012995794\" data-map-center=\"{&quot;lng&quot;:0.4926678,&quot;lat&quot;:42.7405178}\" data-marker-color=\"red\" data-show-fullscreen-button=\"true\"><ul><li><a href=\"https:\/\/www.google.com\/maps\/search\/?api=1&amp;query=42.7405178,0.4926678\">Lac d&rsquo;O\u00f4, Haute-Garonne, France<\/a><\/li><\/ul><\/div>\n<\/div>\n","protected":false},"excerpt":{"rendered":"<p>Au d\u00e9part de la vall\u00e9e d&rsquo;O\u00f4, la comp\u00e9tition se d\u00e9roule ensuite dans la partie centrale des Pyr\u00e9n\u00e9es, avec pour point de ralliement le lac d&rsquo;Espingo et son refuge. En fonction des conditions m\u00e9t\u00e9o le jour J, les balises \u00e0 aller chercher sont plus ou moins \u00e9loign\u00e9es du refuge.<\/p>\n","protected":false},"author":1,"featured_media":0,"parent":0,"menu_order":0,"comment_status":"closed","ping_status":"closed","template":"","meta":{"inspiro_hide_title":false,"footnotes":""},"class_list":["post-17","page","type-page","status-publish","hentry"],"yoast_head":"<!-- This site is optimized with the Yoast SEO plugin v26.5 - https:\/\/yoast.com\/wordpress\/plugins\/seo\/ -->\n<title>Terrain de jeu - Nouv&#039;l&#039;air<\/title>\n<meta name=\"robots\" content=\"index, follow, max-snippet:-1, max-image-preview:large, max-video-preview:-1\" \/>\n<link rel=\"canonical\" href=\"https:\/\/nouvlair.fr\/index.php\/terrain-de-jeu\/\" \/>\n<meta property=\"og:locale\" content=\"fr_FR\" \/>\n<meta property=\"og:type\" content=\"article\" \/>\n<meta property=\"og:title\" content=\"Terrain de jeu - Nouv&#039;l&#039;air\" \/>\n<meta property=\"og:description\" content=\"Au d\u00e9part de la vall\u00e9e d&rsquo;O\u00f4, la comp\u00e9tition se d\u00e9roule ensuite dans la partie centrale des Pyr\u00e9n\u00e9es, avec pour point de ralliement le lac d&rsquo;Espingo et son refuge. En fonction des conditions m\u00e9t\u00e9o le jour J, les balises \u00e0 aller chercher sont plus ou moins \u00e9loign\u00e9es du refuge.\" \/>\n<meta property=\"og:url\" content=\"https:\/\/nouvlair.fr\/index.php\/terrain-de-jeu\/\" \/>\n<meta property=\"og:site_name\" content=\"Nouv&#039;l&#039;air\" \/>\n<meta property=\"article:publisher\" content=\"https:\/\/www.facebook.com\/groups\/1089474547743317?locale=fr_FR\" \/>\n<meta name=\"twitter:card\" content=\"summary_large_image\" \/>\n<script type=\"application\/ld+json\" class=\"yoast-schema-graph\">{\"@context\":\"https:\/\/schema.org\",\"@graph\":[{\"@type\":\"WebPage\",\"@id\":\"https:\/\/nouvlair.fr\/index.php\/terrain-de-jeu\/\",\"url\":\"https:\/\/nouvlair.fr\/index.php\/terrain-de-jeu\/\",\"name\":\"Terrain de jeu - Nouv&#039;l&#039;air\",\"isPartOf\":{\"@id\":\"https:\/\/nouvlair.fr\/#website\"},\"datePublished\":\"2025-08-30T16:47:39+00:00\",\"breadcrumb\":{\"@id\":\"https:\/\/nouvlair.fr\/index.php\/terrain-de-jeu\/#breadcrumb\"},\"inLanguage\":\"fr-FR\",\"potentialAction\":[{\"@type\":\"ReadAction\",\"target\":[\"https:\/\/nouvlair.fr\/index.php\/terrain-de-jeu\/\"]}]},{\"@type\":\"BreadcrumbList\",\"@id\":\"https:\/\/nouvlair.fr\/index.php\/terrain-de-jeu\/#breadcrumb\",\"itemListElement\":[{\"@type\":\"ListItem\",\"position\":1,\"name\":\"Accueil\",\"item\":\"https:\/\/nouvlair.fr\/\"},{\"@type\":\"ListItem\",\"position\":2,\"name\":\"Terrain de jeu\"}]},{\"@type\":\"WebSite\",\"@id\":\"https:\/\/nouvlair.fr\/#website\",\"url\":\"https:\/\/nouvlair.fr\/\",\"name\":\"Nouvlair Pyr\u00e9n\u00e9es Air Tour\",\"description\":\"D\u00e9clencheur de passion\",\"publisher\":{\"@id\":\"https:\/\/nouvlair.fr\/#organization\"},\"potentialAction\":[{\"@type\":\"SearchAction\",\"target\":{\"@type\":\"EntryPoint\",\"urlTemplate\":\"https:\/\/nouvlair.fr\/?s={search_term_string}\"},\"query-input\":{\"@type\":\"PropertyValueSpecification\",\"valueRequired\":true,\"valueName\":\"search_term_string\"}}],\"inLanguage\":\"fr-FR\"},{\"@type\":\"Organization\",\"@id\":\"https:\/\/nouvlair.fr\/#organization\",\"name\":\"Nouv'l'air\",\"url\":\"https:\/\/nouvlair.fr\/\",\"logo\":{\"@type\":\"ImageObject\",\"inLanguage\":\"fr-FR\",\"@id\":\"https:\/\/nouvlair.fr\/#\/schema\/logo\/image\/\",\"url\":\"http:\/\/nouvlair.fr\/wp-content\/uploads\/2025\/12\/logo-nouv-l-air_logo-nouv-l-air-luchon_noir-scaled.png\",\"contentUrl\":\"http:\/\/nouvlair.fr\/wp-content\/uploads\/2025\/12\/logo-nouv-l-air_logo-nouv-l-air-luchon_noir-scaled.png\",\"width\":2560,\"height\":674,\"caption\":\"Nouv'l'air\"},\"image\":{\"@id\":\"https:\/\/nouvlair.fr\/#\/schema\/logo\/image\/\"},\"sameAs\":[\"https:\/\/www.facebook.com\/groups\/1089474547743317?locale=fr_FR\",\"https:\/\/www.instagram.com\/pyrenees_air_tour\/\"]}]}<\/script>\n<!-- \/ Yoast SEO plugin. -->","yoast_head_json":{"title":"Terrain de jeu - Nouv&#039;l&#039;air","robots":{"index":"index","follow":"follow","max-snippet":"max-snippet:-1","max-image-preview":"max-image-preview:large","max-video-preview":"max-video-preview:-1"},"canonical":"https:\/\/nouvlair.fr\/index.php\/terrain-de-jeu\/","og_locale":"fr_FR","og_type":"article","og_title":"Terrain de jeu - Nouv&#039;l&#039;air","og_description":"Au d\u00e9part de la vall\u00e9e d&rsquo;O\u00f4, la comp\u00e9tition se d\u00e9roule ensuite dans la partie centrale des Pyr\u00e9n\u00e9es, avec pour point de ralliement le lac d&rsquo;Espingo et son refuge. En fonction des conditions m\u00e9t\u00e9o le jour J, les balises \u00e0 aller chercher sont plus ou moins \u00e9loign\u00e9es du refuge.","og_url":"https:\/\/nouvlair.fr\/index.php\/terrain-de-jeu\/","og_site_name":"Nouv&#039;l&#039;air","article_publisher":"https:\/\/www.facebook.com\/groups\/1089474547743317?locale=fr_FR","twitter_card":"summary_large_image","schema":{"@context":"https:\/\/schema.org","@graph":[{"@type":"WebPage","@id":"https:\/\/nouvlair.fr\/index.php\/terrain-de-jeu\/","url":"https:\/\/nouvlair.fr\/index.php\/terrain-de-jeu\/","name":"Terrain de jeu - Nouv&#039;l&#039;air","isPartOf":{"@id":"https:\/\/nouvlair.fr\/#website"},"datePublished":"2025-08-30T16:47:39+00:00","breadcrumb":{"@id":"https:\/\/nouvlair.fr\/index.php\/terrain-de-jeu\/#breadcrumb"},"inLanguage":"fr-FR","potentialAction":[{"@type":"ReadAction","target":["https:\/\/nouvlair.fr\/index.php\/terrain-de-jeu\/"]}]},{"@type":"BreadcrumbList","@id":"https:\/\/nouvlair.fr\/index.php\/terrain-de-jeu\/#breadcrumb","itemListElement":[{"@type":"ListItem","position":1,"name":"Accueil","item":"https:\/\/nouvlair.fr\/"},{"@type":"ListItem","position":2,"name":"Terrain de jeu"}]},{"@type":"WebSite","@id":"https:\/\/nouvlair.fr\/#website","url":"https:\/\/nouvlair.fr\/","name":"Nouvlair Pyr\u00e9n\u00e9es Air Tour","description":"D\u00e9clencheur de passion","publisher":{"@id":"https:\/\/nouvlair.fr\/#organization"},"potentialAction":[{"@type":"SearchAction","target":{"@type":"EntryPoint","urlTemplate":"https:\/\/nouvlair.fr\/?s={search_term_string}"},"query-input":{"@type":"PropertyValueSpecification","valueRequired":true,"valueName":"search_term_string"}}],"inLanguage":"fr-FR"},{"@type":"Organization","@id":"https:\/\/nouvlair.fr\/#organization","name":"Nouv'l'air","url":"https:\/\/nouvlair.fr\/","logo":{"@type":"ImageObject","inLanguage":"fr-FR","@id":"https:\/\/nouvlair.fr\/#\/schema\/logo\/image\/","url":"http:\/\/nouvlair.fr\/wp-content\/uploads\/2025\/12\/logo-nouv-l-air_logo-nouv-l-air-luchon_noir-scaled.png","contentUrl":"http:\/\/nouvlair.fr\/wp-content\/uploads\/2025\/12\/logo-nouv-l-air_logo-nouv-l-air-luchon_noir-scaled.png","width":2560,"height":674,"caption":"Nouv'l'air"},"image":{"@id":"https:\/\/nouvlair.fr\/#\/schema\/logo\/image\/"},"sameAs":["https:\/\/www.facebook.com\/groups\/1089474547743317?locale=fr_FR","https:\/\/www.instagram.com\/pyrenees_air_tour\/"]}]}},"_links":{"self":[{"href":"https:\/\/nouvlair.fr\/index.php\/wp-json\/wp\/v2\/pages\/17","targetHints":{"allow":["GET"]}}],"collection":[{"href":"https:\/\/nouvlair.fr\/index.php\/wp-json\/wp\/v2\/pages"}],"about":[{"href":"https:\/\/nouvlair.fr\/index.php\/wp-json\/wp\/v2\/types\/page"}],"author":[{"embeddable":true,"href":"https:\/\/nouvlair.fr\/index.php\/wp-json\/wp\/v2\/users\/1"}],"replies":[{"embeddable":true,"href":"https:\/\/nouvlair.fr\/index.php\/wp-json\/wp\/v2\/comments?post=17"}],"version-history":[{"count":0,"href":"https:\/\/nouvlair.fr\/index.php\/wp-json\/wp\/v2\/pages\/17\/revisions"}],"wp:attachment":[{"href":"https:\/\/nouvlair.fr\/index.php\/wp-json\/wp\/v2\/media?parent=17"}],"curies":[{"name":"wp","href":"https:\/\/api.w.org\/{rel}","templated":true}]}}