{"id":21,"date":"2025-08-30T18:36:02","date_gmt":"2025-08-30T16:36:02","guid":{"rendered":"https:\/\/pyreneesairtour.wordpress.com\/?page_id=21"},"modified":"2025-08-30T18:36:02","modified_gmt":"2025-08-30T16:36:02","slug":"actus-photos-videos","status":"publish","type":"page","link":"https:\/\/nouvlair.fr\/index.php\/actus-photos-videos\/","title":{"rendered":"Photos &#8211; Vid\u00e9os"},"content":{"rendered":"\n<div style=\"height:17px\" aria-hidden=\"true\" class=\"wp-block-spacer\"><\/div>\n\n\n\n<div class=\"wp-block-group alignwide has-heading-font-family has-global-padding is-layout-constrained wp-block-group-is-layout-constrained\">\n<h1 class=\"wp-block-heading alignwide has-heading-font-family has-x-large-font-size\" style=\"line-height:1.2\">Quelques images, photos et vid\u00e9os, des \u00e9ditions pr\u00e9c\u00e9dentes<\/h1>\n<\/div>\n\n\n\n<div class=\"wp-block-group alignfull has-global-padding is-layout-constrained wp-container-core-group-is-layout-b25ccd55 wp-block-group-is-layout-constrained\" style=\"margin-top:0;margin-bottom:0;padding-top:var(--wp--preset--spacing--50);padding-right:var(--wp--preset--spacing--50);padding-bottom:var(--wp--preset--spacing--50);padding-left:var(--wp--preset--spacing--50)\">\n<figure class=\"wp-block-embed is-type-video is-provider-youtube wp-block-embed-youtube wp-embed-aspect-16-9 wp-has-aspect-ratio\"><div class=\"wp-block-embed__wrapper\">\n<iframe loading=\"lazy\" title=\"PYRENEES AIR TOUR 22\" width=\"950\" height=\"534\" src=\"https:\/\/www.youtube.com\/embed\/qfB08FeMBmk?feature=oembed\" frameborder=\"0\" allow=\"accelerometer; autoplay; clipboard-write; encrypted-media; gyroscope; picture-in-picture; web-share\" referrerpolicy=\"strict-origin-when-cross-origin\" allowfullscreen><\/iframe>\n<\/div><figcaption class=\"wp-element-caption\">Pyr\u00e9n\u00e9es Air Tour 2022 &#8211; Thomas <a href=\"https:\/\/www.youtube.com\/@powerbar82\"><img decoding=\"async\" width=\"40\" src=\"https:\/\/yt3.ggpht.com\/ytc\/AIdro_kZLHxYpW6upW11dwO3bTEByjXzD0pOr5LdrAD6mTpsdA=s48-c-k-c0x00ffffff-no-rj\" alt=\"\"><\/a> <a href=\"https:\/\/www.youtube.com\/@powerbar82\">powerbar82<\/a><\/figcaption><\/figure>\n\n\n\n<div style=\"height:17px\" aria-hidden=\"true\" class=\"wp-block-spacer\"><\/div>\n\n\n\n<div class=\"wp-block-columns alignwide is-layout-flex wp-container-core-columns-is-layout-ff4b9c61 wp-block-columns-is-layout-flex\" style=\"margin-top:0;margin-bottom:0\">\n<div class=\"wp-block-column is-layout-flow wp-container-core-column-is-layout-8a368f38 wp-block-column-is-layout-flow\">\n<figure class=\"wp-block-embed is-type-video is-provider-youtube wp-block-embed-youtube wp-embed-aspect-16-9 wp-has-aspect-ratio\"><div class=\"wp-block-embed__wrapper\">\n<iframe loading=\"lazy\" title=\"Pyr\u00e9n\u00e9es Air Tour 2023\" width=\"950\" height=\"534\" src=\"https:\/\/www.youtube.com\/embed\/dyZEMrqRID0?feature=oembed\" frameborder=\"0\" allow=\"accelerometer; autoplay; clipboard-write; encrypted-media; gyroscope; picture-in-picture; web-share\" referrerpolicy=\"strict-origin-when-cross-origin\" allowfullscreen><\/iframe>\n<\/div><figcaption class=\"wp-element-caption\">Pyr\u00e9n\u00e9es Air Tour 2023 &#8211; <a href=\"https:\/\/www.youtube.com\/@jeanbaillieux3095\"><img decoding=\"async\" width=\"40\" src=\"https:\/\/yt3.ggpht.com\/ytc\/AIdro_mFOPgtATid8ph1lfm7agdSKef5sAEPVSJofJj7QQTpTNuN=s48-c-k-c0x00ffffff-no-rj\" alt=\"\"><\/a> <a href=\"https:\/\/www.youtube.com\/@jeanbaillieux3095\">Jean Baillieux<\/a><\/figcaption><\/figure>\n\n\n\n<div style=\"height:var(--wp--preset--spacing--50)\" aria-hidden=\"true\" class=\"wp-block-spacer\"><\/div>\n\n\n\n<figure class=\"wp-block-embed is-type-video is-provider-youtube wp-block-embed-youtube wp-embed-aspect-16-9 wp-has-aspect-ratio\"><div class=\"wp-block-embed__wrapper\">\n<iframe loading=\"lazy\" title=\"Pyr\u00e9n\u00e9es Airtour 2023 - Brut Papy style\" width=\"950\" height=\"534\" src=\"https:\/\/www.youtube.com\/embed\/QLMYs-skYNg?feature=oembed\" frameborder=\"0\" allow=\"accelerometer; autoplay; clipboard-write; encrypted-media; gyroscope; picture-in-picture; web-share\" referrerpolicy=\"strict-origin-when-cross-origin\" allowfullscreen><\/iframe>\n<\/div><figcaption class=\"wp-element-caption\">Pyr\u00e9n\u00e9es Air Tour 2023 &#8211; <a href=\"https:\/\/www.youtube.com\/@vshama\">ShamaVideals<\/a><\/figcaption><\/figure>\n<\/div>\n\n\n\n<div class=\"wp-block-column is-layout-flow wp-block-column-is-layout-flow\">\n<p><\/p>\n\n\n\n<figure class=\"wp-block-embed is-type-video is-provider-youtube wp-block-embed-youtube wp-embed-aspect-16-9 wp-has-aspect-ratio\"><div class=\"wp-block-embed__wrapper\">\n<iframe loading=\"lazy\" title=\"Pyr\u00e9n\u00e9es Air Tour 2021\" width=\"950\" height=\"534\" src=\"https:\/\/www.youtube.com\/embed\/k7NPEaIBqVs?feature=oembed\" frameborder=\"0\" allow=\"accelerometer; autoplay; clipboard-write; encrypted-media; gyroscope; picture-in-picture; web-share\" referrerpolicy=\"strict-origin-when-cross-origin\" allowfullscreen><\/iframe>\n<\/div><figcaption class=\"wp-element-caption\">Pyr\u00e9n\u00e9es Air Tour 2021 &#8211; <a href=\"https:\/\/www.youtube.com\/@jeanbaillieux3095\"><img decoding=\"async\" width=\"40\" src=\"https:\/\/yt3.ggpht.com\/ytc\/AIdro_mFOPgtATid8ph1lfm7agdSKef5sAEPVSJofJj7QQTpTNuN=s48-c-k-c0x00ffffff-no-rj\" alt=\"\"><\/a> <a href=\"https:\/\/www.youtube.com\/@jeanbaillieux3095\">Jean Baillieux<\/a><\/figcaption><\/figure>\n<\/div>\n<\/div>\n<\/div>\n\n\n\n<div class=\"wp-block-group alignfull has-base-background-color has-background has-global-padding is-layout-constrained wp-container-core-group-is-layout-c74d6d6a wp-block-group-is-layout-constrained\" style=\"margin-top:0;margin-bottom:0;padding-top:var(--wp--preset--spacing--10);padding-right:var(--wp--preset--spacing--20);padding-bottom:var(--wp--preset--spacing--10);padding-left:var(--wp--preset--spacing--20)\">\n<p class=\"has-text-align-center has-contrast-2-color has-text-color has-link-color has-heading-font-family wp-elements-2996a7c6af63017e89933f30642af8ed\" style=\"font-size:clamp(0.984rem, 0.984rem + ((1vw - 0.2rem) * 0.607), 1.5rem);\"><em><strong>Toutes les photographies, sur cette page et sur tout le site hors mention contraire sont prises par G\u00e9raud Durand. Merci de prendre contact pour toute potentielle r\u00e9utilisation.<\/strong><\/em><\/p>\n\n\n\n<div class=\"wp-block-columns alignwide is-layout-flex wp-container-core-columns-is-layout-f12e87f3 wp-block-columns-is-layout-flex\" style=\"margin-top:0;margin-bottom:0\">\n<div class=\"wp-block-column is-layout-flow wp-container-core-column-is-layout-8a368f38 wp-block-column-is-layout-flow\">\n<figure class=\"wp-block-image size-large\"><img loading=\"lazy\" decoding=\"async\" width=\"1247\" height=\"870\" src=\"http:\/\/nouvlair.fr\/wp-content\/uploads\/2025\/08\/image-9.png?w=1024\" alt=\"\" class=\"wp-image-103\" srcset=\"https:\/\/nouvlair.fr\/wp-content\/uploads\/2025\/08\/image-9.png 1247w, https:\/\/nouvlair.fr\/wp-content\/uploads\/2025\/08\/image-9-300x209.png 300w, https:\/\/nouvlair.fr\/wp-content\/uploads\/2025\/08\/image-9-1024x714.png 1024w, https:\/\/nouvlair.fr\/wp-content\/uploads\/2025\/08\/image-9-768x536.png 768w\" sizes=\"auto, (max-width: 1247px) 100vw, 1247px\" \/><figcaption class=\"wp-element-caption\">Le podium de l&rsquo;\u00e9dition 2023<\/figcaption><\/figure>\n\n\n\n<figure class=\"wp-block-image size-large\"><img loading=\"lazy\" decoding=\"async\" width=\"1447\" height=\"845\" src=\"http:\/\/nouvlair.fr\/wp-content\/uploads\/2025\/08\/image-10.png?w=1024\" alt=\"\" class=\"wp-image-104\" srcset=\"https:\/\/nouvlair.fr\/wp-content\/uploads\/2025\/08\/image-10.png 1447w, https:\/\/nouvlair.fr\/wp-content\/uploads\/2025\/08\/image-10-300x175.png 300w, https:\/\/nouvlair.fr\/wp-content\/uploads\/2025\/08\/image-10-1024x598.png 1024w, https:\/\/nouvlair.fr\/wp-content\/uploads\/2025\/08\/image-10-768x448.png 768w\" sizes=\"auto, (max-width: 1447px) 100vw, 1447px\" \/><figcaption class=\"wp-element-caption\">D\u00e9part matinal au dessus d&rsquo;Espingo &#8211; 2023<\/figcaption><\/figure>\n\n\n\n<figure class=\"wp-block-image size-large\"><img loading=\"lazy\" decoding=\"async\" width=\"582\" height=\"870\" src=\"http:\/\/nouvlair.fr\/wp-content\/uploads\/2025\/08\/image-20.png?w=582\" alt=\"\" class=\"wp-image-115\" srcset=\"https:\/\/nouvlair.fr\/wp-content\/uploads\/2025\/08\/image-20.png 582w, https:\/\/nouvlair.fr\/wp-content\/uploads\/2025\/08\/image-20-201x300.png 201w\" sizes=\"auto, (max-width: 582px) 100vw, 582px\" \/><figcaption class=\"wp-element-caption\">2023- d\u00e9but Jour 3<\/figcaption><\/figure>\n<\/div>\n\n\n\n<div class=\"wp-block-column is-layout-flow wp-container-core-column-is-layout-8a368f38 wp-block-column-is-layout-flow\">\n<figure class=\"wp-block-image size-full\"><img loading=\"lazy\" decoding=\"async\" width=\"599\" height=\"859\" src=\"http:\/\/nouvlair.fr\/wp-content\/uploads\/2025\/08\/image-11.png\" alt=\"\" class=\"wp-image-106\" srcset=\"https:\/\/nouvlair.fr\/wp-content\/uploads\/2025\/08\/image-11.png 599w, https:\/\/nouvlair.fr\/wp-content\/uploads\/2025\/08\/image-11-209x300.png 209w\" sizes=\"auto, (max-width: 599px) 100vw, 599px\" \/><figcaption class=\"wp-element-caption\">La brume matinale au dessus du refuge d&rsquo;Espingo<\/figcaption><\/figure>\n\n\n\n<figure class=\"wp-block-image size-large\"><img loading=\"lazy\" decoding=\"async\" width=\"1408\" height=\"937\" src=\"http:\/\/nouvlair.fr\/wp-content\/uploads\/2025\/08\/image-16.png?w=1024\" alt=\"\" class=\"wp-image-111\" srcset=\"https:\/\/nouvlair.fr\/wp-content\/uploads\/2025\/08\/image-16.png 1408w, https:\/\/nouvlair.fr\/wp-content\/uploads\/2025\/08\/image-16-300x200.png 300w, https:\/\/nouvlair.fr\/wp-content\/uploads\/2025\/08\/image-16-1024x681.png 1024w, https:\/\/nouvlair.fr\/wp-content\/uploads\/2025\/08\/image-16-768x511.png 768w\" sizes=\"auto, (max-width: 1408px) 100vw, 1408px\" \/><figcaption class=\"wp-element-caption\">Des pilotes contents (2022 post ar\u00eate de la mort)<\/figcaption><\/figure>\n\n\n\n<figure class=\"wp-block-image size-large\"><img loading=\"lazy\" decoding=\"async\" width=\"1363\" height=\"815\" src=\"http:\/\/nouvlair.fr\/wp-content\/uploads\/2025\/08\/image-17.png?w=1024\" alt=\"\" class=\"wp-image-112\" srcset=\"https:\/\/nouvlair.fr\/wp-content\/uploads\/2025\/08\/image-17.png 1363w, https:\/\/nouvlair.fr\/wp-content\/uploads\/2025\/08\/image-17-300x179.png 300w, https:\/\/nouvlair.fr\/wp-content\/uploads\/2025\/08\/image-17-1024x612.png 1024w, https:\/\/nouvlair.fr\/wp-content\/uploads\/2025\/08\/image-17-768x459.png 768w\" sizes=\"auto, (max-width: 1363px) 100vw, 1363px\" \/><figcaption class=\"wp-element-caption\">Ambiance au d\u00e9co ! 2022 jour 1<\/figcaption><\/figure>\n<\/div>\n\n\n\n<div class=\"wp-block-column is-layout-flow wp-container-core-column-is-layout-8a368f38 wp-block-column-is-layout-flow\">\n<figure class=\"wp-block-image size-large\"><img loading=\"lazy\" decoding=\"async\" width=\"597\" height=\"938\" src=\"http:\/\/nouvlair.fr\/wp-content\/uploads\/2025\/08\/image-15.png?w=597\" alt=\"\" class=\"wp-image-110\" srcset=\"https:\/\/nouvlair.fr\/wp-content\/uploads\/2025\/08\/image-15.png 597w, https:\/\/nouvlair.fr\/wp-content\/uploads\/2025\/08\/image-15-191x300.png 191w\" sizes=\"auto, (max-width: 597px) 100vw, 597px\" \/><figcaption class=\"wp-element-caption\">2022 jour 2, cap vers l&rsquo;Aneto<\/figcaption><\/figure>\n\n\n\n<figure class=\"wp-block-image size-large\"><img loading=\"lazy\" decoding=\"async\" width=\"1130\" height=\"758\" src=\"http:\/\/nouvlair.fr\/wp-content\/uploads\/2025\/08\/image-14.png?w=1024\" alt=\"\" class=\"wp-image-109\" srcset=\"https:\/\/nouvlair.fr\/wp-content\/uploads\/2025\/08\/image-14.png 1130w, https:\/\/nouvlair.fr\/wp-content\/uploads\/2025\/08\/image-14-300x201.png 300w, https:\/\/nouvlair.fr\/wp-content\/uploads\/2025\/08\/image-14-1024x687.png 1024w, https:\/\/nouvlair.fr\/wp-content\/uploads\/2025\/08\/image-14-768x515.png 768w\" sizes=\"auto, (max-width: 1130px) 100vw, 1130px\" \/><figcaption class=\"wp-element-caption\">L&rsquo;arriv\u00e9e en 2022 (a\u00e9rodrome Luchon)<\/figcaption><\/figure>\n\n\n\n<figure class=\"wp-block-image size-large\"><img loading=\"lazy\" decoding=\"async\" width=\"932\" height=\"828\" src=\"http:\/\/nouvlair.fr\/wp-content\/uploads\/2025\/08\/image-19.png?w=932\" alt=\"\" class=\"wp-image-114\" srcset=\"https:\/\/nouvlair.fr\/wp-content\/uploads\/2025\/08\/image-19.png 932w, https:\/\/nouvlair.fr\/wp-content\/uploads\/2025\/08\/image-19-300x267.png 300w, https:\/\/nouvlair.fr\/wp-content\/uploads\/2025\/08\/image-19-768x682.png 768w\" sizes=\"auto, (max-width: 932px) 100vw, 932px\" \/><figcaption class=\"wp-element-caption\">Espingo &#8211; 2022 d\u00e9part jour 2<\/figcaption><\/figure>\n<\/div>\n\n\n\n<div class=\"wp-block-column is-layout-flow wp-container-core-column-is-layout-8a368f38 wp-block-column-is-layout-flow\">\n<figure class=\"wp-block-image size-large\"><img loading=\"lazy\" decoding=\"async\" width=\"971\" height=\"934\" src=\"http:\/\/nouvlair.fr\/wp-content\/uploads\/2025\/08\/image-13.png?w=971\" alt=\"\" class=\"wp-image-108\" srcset=\"https:\/\/nouvlair.fr\/wp-content\/uploads\/2025\/08\/image-13.png 971w, https:\/\/nouvlair.fr\/wp-content\/uploads\/2025\/08\/image-13-300x289.png 300w, https:\/\/nouvlair.fr\/wp-content\/uploads\/2025\/08\/image-13-768x739.png 768w\" sizes=\"auto, (max-width: 971px) 100vw, 971px\" \/><figcaption class=\"wp-element-caption\">Check d&rsquo;arriv\u00e9e &#8211; 2023 O\u00f4<\/figcaption><\/figure>\n\n\n\n<figure class=\"wp-block-image size-large\"><img loading=\"lazy\" decoding=\"async\" width=\"1332\" height=\"742\" src=\"http:\/\/nouvlair.fr\/wp-content\/uploads\/2025\/08\/image-12.png?w=1024\" alt=\"\" class=\"wp-image-107\" srcset=\"https:\/\/nouvlair.fr\/wp-content\/uploads\/2025\/08\/image-12.png 1332w, https:\/\/nouvlair.fr\/wp-content\/uploads\/2025\/08\/image-12-300x167.png 300w, https:\/\/nouvlair.fr\/wp-content\/uploads\/2025\/08\/image-12-1024x570.png 1024w, https:\/\/nouvlair.fr\/wp-content\/uploads\/2025\/08\/image-12-768x428.png 768w\" sizes=\"auto, (max-width: 1332px) 100vw, 1332px\" \/><figcaption class=\"wp-element-caption\">L&rsquo;\u00e9quipe et les pilotes 2023<\/figcaption><\/figure>\n\n\n\n<figure class=\"wp-block-image size-large\"><img loading=\"lazy\" decoding=\"async\" width=\"598\" height=\"935\" src=\"http:\/\/nouvlair.fr\/wp-content\/uploads\/2025\/08\/image-18.png?w=598\" alt=\"\" class=\"wp-image-113\" srcset=\"https:\/\/nouvlair.fr\/wp-content\/uploads\/2025\/08\/image-18.png 598w, https:\/\/nouvlair.fr\/wp-content\/uploads\/2025\/08\/image-18-192x300.png 192w\" sizes=\"auto, (max-width: 598px) 100vw, 598px\" \/><figcaption class=\"wp-element-caption\">2022 Jour 2<\/figcaption><\/figure>\n<\/div>\n<\/div>\n<\/div>\n","protected":false},"excerpt":{"rendered":"<p>Quelques images, photos et vid\u00e9os, des \u00e9ditions pr\u00e9c\u00e9dentes Toutes les photographies, sur cette page et sur tout le site hors mention contraire sont prises par G\u00e9raud Durand. Merci de prendre contact pour toute potentielle r\u00e9utilisation.<\/p>\n","protected":false},"author":1,"featured_media":0,"parent":0,"menu_order":0,"comment_status":"closed","ping_status":"closed","template":"","meta":{"inspiro_hide_title":false,"footnotes":""},"class_list":["post-21","page","type-page","status-publish","hentry"],"yoast_head":"<!-- This site is optimized with the Yoast SEO plugin v26.5 - https:\/\/yoast.com\/wordpress\/plugins\/seo\/ -->\n<title>Photos - Vid\u00e9os - Nouv&#039;l&#039;air<\/title>\n<meta name=\"robots\" content=\"index, follow, max-snippet:-1, max-image-preview:large, max-video-preview:-1\" \/>\n<link rel=\"canonical\" href=\"https:\/\/nouvlair.fr\/index.php\/actus-photos-videos\/\" \/>\n<meta property=\"og:locale\" content=\"fr_FR\" \/>\n<meta property=\"og:type\" content=\"article\" \/>\n<meta property=\"og:title\" content=\"Photos - Vid\u00e9os - Nouv&#039;l&#039;air\" \/>\n<meta property=\"og:description\" content=\"Quelques images, photos et vid\u00e9os, des \u00e9ditions pr\u00e9c\u00e9dentes Toutes les photographies, sur cette page et sur tout le site hors mention contraire sont prises par G\u00e9raud Durand. Merci de prendre contact pour toute potentielle r\u00e9utilisation.\" \/>\n<meta property=\"og:url\" content=\"https:\/\/nouvlair.fr\/index.php\/actus-photos-videos\/\" \/>\n<meta property=\"og:site_name\" content=\"Nouv&#039;l&#039;air\" \/>\n<meta property=\"article:publisher\" content=\"https:\/\/www.facebook.com\/groups\/1089474547743317?locale=fr_FR\" \/>\n<meta property=\"og:image\" content=\"https:\/\/yt3.ggpht.com\/ytc\/AIdro_kZLHxYpW6upW11dwO3bTEByjXzD0pOr5LdrAD6mTpsdA=s48-c-k-c0x00ffffff-no-rj\" \/>\n<meta name=\"twitter:card\" content=\"summary_large_image\" \/>\n<meta name=\"twitter:label1\" content=\"Dur\u00e9e de lecture estim\u00e9e\" \/>\n\t<meta name=\"twitter:data1\" content=\"1 minute\" \/>\n<script type=\"application\/ld+json\" class=\"yoast-schema-graph\">{\"@context\":\"https:\/\/schema.org\",\"@graph\":[{\"@type\":\"WebPage\",\"@id\":\"https:\/\/nouvlair.fr\/index.php\/actus-photos-videos\/\",\"url\":\"https:\/\/nouvlair.fr\/index.php\/actus-photos-videos\/\",\"name\":\"Photos - Vid\u00e9os - Nouv&#039;l&#039;air\",\"isPartOf\":{\"@id\":\"https:\/\/nouvlair.fr\/#website\"},\"primaryImageOfPage\":{\"@id\":\"https:\/\/nouvlair.fr\/index.php\/actus-photos-videos\/#primaryimage\"},\"image\":{\"@id\":\"https:\/\/nouvlair.fr\/index.php\/actus-photos-videos\/#primaryimage\"},\"thumbnailUrl\":\"https:\/\/yt3.ggpht.com\/ytc\/AIdro_kZLHxYpW6upW11dwO3bTEByjXzD0pOr5LdrAD6mTpsdA=s48-c-k-c0x00ffffff-no-rj\",\"datePublished\":\"2025-08-30T16:36:02+00:00\",\"breadcrumb\":{\"@id\":\"https:\/\/nouvlair.fr\/index.php\/actus-photos-videos\/#breadcrumb\"},\"inLanguage\":\"fr-FR\",\"potentialAction\":[{\"@type\":\"ReadAction\",\"target\":[\"https:\/\/nouvlair.fr\/index.php\/actus-photos-videos\/\"]}]},{\"@type\":\"ImageObject\",\"inLanguage\":\"fr-FR\",\"@id\":\"https:\/\/nouvlair.fr\/index.php\/actus-photos-videos\/#primaryimage\",\"url\":\"https:\/\/yt3.ggpht.com\/ytc\/AIdro_kZLHxYpW6upW11dwO3bTEByjXzD0pOr5LdrAD6mTpsdA=s48-c-k-c0x00ffffff-no-rj\",\"contentUrl\":\"https:\/\/yt3.ggpht.com\/ytc\/AIdro_kZLHxYpW6upW11dwO3bTEByjXzD0pOr5LdrAD6mTpsdA=s48-c-k-c0x00ffffff-no-rj\"},{\"@type\":\"BreadcrumbList\",\"@id\":\"https:\/\/nouvlair.fr\/index.php\/actus-photos-videos\/#breadcrumb\",\"itemListElement\":[{\"@type\":\"ListItem\",\"position\":1,\"name\":\"Accueil\",\"item\":\"https:\/\/nouvlair.fr\/\"},{\"@type\":\"ListItem\",\"position\":2,\"name\":\"Photos &#8211; Vid\u00e9os\"}]},{\"@type\":\"WebSite\",\"@id\":\"https:\/\/nouvlair.fr\/#website\",\"url\":\"https:\/\/nouvlair.fr\/\",\"name\":\"Nouvlair Pyr\u00e9n\u00e9es Air Tour\",\"description\":\"D\u00e9clencheur de passion\",\"publisher\":{\"@id\":\"https:\/\/nouvlair.fr\/#organization\"},\"potentialAction\":[{\"@type\":\"SearchAction\",\"target\":{\"@type\":\"EntryPoint\",\"urlTemplate\":\"https:\/\/nouvlair.fr\/?s={search_term_string}\"},\"query-input\":{\"@type\":\"PropertyValueSpecification\",\"valueRequired\":true,\"valueName\":\"search_term_string\"}}],\"inLanguage\":\"fr-FR\"},{\"@type\":\"Organization\",\"@id\":\"https:\/\/nouvlair.fr\/#organization\",\"name\":\"Nouv'l'air\",\"url\":\"https:\/\/nouvlair.fr\/\",\"logo\":{\"@type\":\"ImageObject\",\"inLanguage\":\"fr-FR\",\"@id\":\"https:\/\/nouvlair.fr\/#\/schema\/logo\/image\/\",\"url\":\"http:\/\/nouvlair.fr\/wp-content\/uploads\/2025\/12\/logo-nouv-l-air_logo-nouv-l-air-luchon_noir-scaled.png\",\"contentUrl\":\"http:\/\/nouvlair.fr\/wp-content\/uploads\/2025\/12\/logo-nouv-l-air_logo-nouv-l-air-luchon_noir-scaled.png\",\"width\":2560,\"height\":674,\"caption\":\"Nouv'l'air\"},\"image\":{\"@id\":\"https:\/\/nouvlair.fr\/#\/schema\/logo\/image\/\"},\"sameAs\":[\"https:\/\/www.facebook.com\/groups\/1089474547743317?locale=fr_FR\",\"https:\/\/www.instagram.com\/pyrenees_air_tour\/\"]}]}<\/script>\n<!-- \/ Yoast SEO plugin. -->","yoast_head_json":{"title":"Photos - Vid\u00e9os - Nouv&#039;l&#039;air","robots":{"index":"index","follow":"follow","max-snippet":"max-snippet:-1","max-image-preview":"max-image-preview:large","max-video-preview":"max-video-preview:-1"},"canonical":"https:\/\/nouvlair.fr\/index.php\/actus-photos-videos\/","og_locale":"fr_FR","og_type":"article","og_title":"Photos - Vid\u00e9os - Nouv&#039;l&#039;air","og_description":"Quelques images, photos et vid\u00e9os, des \u00e9ditions pr\u00e9c\u00e9dentes Toutes les photographies, sur cette page et sur tout le site hors mention contraire sont prises par G\u00e9raud Durand. Merci de prendre contact pour toute potentielle r\u00e9utilisation.","og_url":"https:\/\/nouvlair.fr\/index.php\/actus-photos-videos\/","og_site_name":"Nouv&#039;l&#039;air","article_publisher":"https:\/\/www.facebook.com\/groups\/1089474547743317?locale=fr_FR","og_image":[{"url":"https:\/\/yt3.ggpht.com\/ytc\/AIdro_kZLHxYpW6upW11dwO3bTEByjXzD0pOr5LdrAD6mTpsdA=s48-c-k-c0x00ffffff-no-rj","type":"","width":"","height":""}],"twitter_card":"summary_large_image","twitter_misc":{"Dur\u00e9e de lecture estim\u00e9e":"1 minute"},"schema":{"@context":"https:\/\/schema.org","@graph":[{"@type":"WebPage","@id":"https:\/\/nouvlair.fr\/index.php\/actus-photos-videos\/","url":"https:\/\/nouvlair.fr\/index.php\/actus-photos-videos\/","name":"Photos - Vid\u00e9os - Nouv&#039;l&#039;air","isPartOf":{"@id":"https:\/\/nouvlair.fr\/#website"},"primaryImageOfPage":{"@id":"https:\/\/nouvlair.fr\/index.php\/actus-photos-videos\/#primaryimage"},"image":{"@id":"https:\/\/nouvlair.fr\/index.php\/actus-photos-videos\/#primaryimage"},"thumbnailUrl":"https:\/\/yt3.ggpht.com\/ytc\/AIdro_kZLHxYpW6upW11dwO3bTEByjXzD0pOr5LdrAD6mTpsdA=s48-c-k-c0x00ffffff-no-rj","datePublished":"2025-08-30T16:36:02+00:00","breadcrumb":{"@id":"https:\/\/nouvlair.fr\/index.php\/actus-photos-videos\/#breadcrumb"},"inLanguage":"fr-FR","potentialAction":[{"@type":"ReadAction","target":["https:\/\/nouvlair.fr\/index.php\/actus-photos-videos\/"]}]},{"@type":"ImageObject","inLanguage":"fr-FR","@id":"https:\/\/nouvlair.fr\/index.php\/actus-photos-videos\/#primaryimage","url":"https:\/\/yt3.ggpht.com\/ytc\/AIdro_kZLHxYpW6upW11dwO3bTEByjXzD0pOr5LdrAD6mTpsdA=s48-c-k-c0x00ffffff-no-rj","contentUrl":"https:\/\/yt3.ggpht.com\/ytc\/AIdro_kZLHxYpW6upW11dwO3bTEByjXzD0pOr5LdrAD6mTpsdA=s48-c-k-c0x00ffffff-no-rj"},{"@type":"BreadcrumbList","@id":"https:\/\/nouvlair.fr\/index.php\/actus-photos-videos\/#breadcrumb","itemListElement":[{"@type":"ListItem","position":1,"name":"Accueil","item":"https:\/\/nouvlair.fr\/"},{"@type":"ListItem","position":2,"name":"Photos &#8211; Vid\u00e9os"}]},{"@type":"WebSite","@id":"https:\/\/nouvlair.fr\/#website","url":"https:\/\/nouvlair.fr\/","name":"Nouvlair Pyr\u00e9n\u00e9es Air Tour","description":"D\u00e9clencheur de passion","publisher":{"@id":"https:\/\/nouvlair.fr\/#organization"},"potentialAction":[{"@type":"SearchAction","target":{"@type":"EntryPoint","urlTemplate":"https:\/\/nouvlair.fr\/?s={search_term_string}"},"query-input":{"@type":"PropertyValueSpecification","valueRequired":true,"valueName":"search_term_string"}}],"inLanguage":"fr-FR"},{"@type":"Organization","@id":"https:\/\/nouvlair.fr\/#organization","name":"Nouv'l'air","url":"https:\/\/nouvlair.fr\/","logo":{"@type":"ImageObject","inLanguage":"fr-FR","@id":"https:\/\/nouvlair.fr\/#\/schema\/logo\/image\/","url":"http:\/\/nouvlair.fr\/wp-content\/uploads\/2025\/12\/logo-nouv-l-air_logo-nouv-l-air-luchon_noir-scaled.png","contentUrl":"http:\/\/nouvlair.fr\/wp-content\/uploads\/2025\/12\/logo-nouv-l-air_logo-nouv-l-air-luchon_noir-scaled.png","width":2560,"height":674,"caption":"Nouv'l'air"},"image":{"@id":"https:\/\/nouvlair.fr\/#\/schema\/logo\/image\/"},"sameAs":["https:\/\/www.facebook.com\/groups\/1089474547743317?locale=fr_FR","https:\/\/www.instagram.com\/pyrenees_air_tour\/"]}]}},"_links":{"self":[{"href":"https:\/\/nouvlair.fr\/index.php\/wp-json\/wp\/v2\/pages\/21","targetHints":{"allow":["GET"]}}],"collection":[{"href":"https:\/\/nouvlair.fr\/index.php\/wp-json\/wp\/v2\/pages"}],"about":[{"href":"https:\/\/nouvlair.fr\/index.php\/wp-json\/wp\/v2\/types\/page"}],"author":[{"embeddable":true,"href":"https:\/\/nouvlair.fr\/index.php\/wp-json\/wp\/v2\/users\/1"}],"replies":[{"embeddable":true,"href":"https:\/\/nouvlair.fr\/index.php\/wp-json\/wp\/v2\/comments?post=21"}],"version-history":[{"count":0,"href":"https:\/\/nouvlair.fr\/index.php\/wp-json\/wp\/v2\/pages\/21\/revisions"}],"wp:attachment":[{"href":"https:\/\/nouvlair.fr\/index.php\/wp-json\/wp\/v2\/media?parent=21"}],"curies":[{"name":"wp","href":"https:\/\/api.w.org\/{rel}","templated":true}]}}