{"id":210,"date":"2026-02-28T07:58:51","date_gmt":"2026-02-28T07:58:51","guid":{"rendered":"https:\/\/nouvlair.fr\/?page_id=210"},"modified":"2026-02-28T09:23:34","modified_gmt":"2026-02-28T09:23:34","slug":"voler-a-bagneres-de-luchon","status":"publish","type":"page","link":"https:\/\/nouvlair.fr\/index.php\/voler-a-bagneres-de-luchon\/","title":{"rendered":"Voler a bagneres de luchon"},"content":{"rendered":"\n<p>Vous \u00eates sur un des plus anciens sites de vol libre de France, il est unique dans son genre. Outre son d\u00e9nivel\u00e9 tr\u00e8s important : 1200 m., il cohabite depuis plus de 25 ans avec d\u2019autres activit\u00e9s a\u00e9riennes telles que le vol moteur, le planeur et l\u2019ULM.<\/p>\n\n\n\n<p>Pour la p\u00e9rennit\u00e9 et l\u2019\u00e9volution \u00e0 venir du site, chaque pilote est tenu de respecter la r\u00e9glementation en vigueur, Il est important et n\u00e9cessaire de conna\u00eetre le plan d\u2019approche sur l\u2019atterrissage de Luchon.<\/p>\n\n\n\n<p>Vous atterrissez sur un a\u00e9rodrome. Les avions et ULM sont en activit\u00e9 tous les jours. Le treuillage des planeurs (au c\u00e2ble et par remorqueur) s\u2019effectue m\u00eame l\u2019hiver.<\/p>\n\n\n\n<h2 class=\"wp-block-heading\">R\u00e8glementation<\/h2>\n\n\n\n<h4 class=\"wp-block-heading\"><strong>Le respect de la r\u00e9glementation permettra de sauvegarder l\u2019activit\u00e9 a\u00e9ronautique en g\u00e9n\u00e9ral et le maintien du parapente sur Luchon.<\/strong><\/h4>\n\n\n\n<p><strong>Le Vol Moteur&nbsp;<\/strong>est ouvert \u00e0 Luchon \u00e0 tous les pilotes, avec contact radio obligatoire et respect de la&nbsp;<strong>carte VAC&nbsp;<\/strong>pr\u00e9cisant les approches, y compris pour le Vol \u00e0 Voile.<\/p>\n\n\n\n<p>Le&nbsp;<strong>Secteur PUL&nbsp;<\/strong>(planeurs ultra l\u00e9gers) est r\u00e9serv\u00e9 au Vol Libre. Il int\u00e8gre le seul atterrissage officiel de la vall\u00e9e, implant\u00e9 sur l\u2019a\u00e9rodrome.<\/p>\n\n\n\n<figure class=\"wp-block-image\"><img decoding=\"async\" src=\"http:\/\/luchonvollibre.net\/wp-content\/uploads\/2019\/04\/VUE_VOLUMES_PUL_LUCHON_2019-1024x590.jpg\" alt=\"\" class=\"wp-image-153\"\/><\/figure>\n\n\n\n<p>Le Secteur PUL est limit\u00e9 :<br>\u2022&nbsp;<strong>au Nord&nbsp;<\/strong>: par le circuit avion, avec comme rep\u00e8re la salle du PMU,<br>\u2022&nbsp;<strong>\u00e0 l\u2019Est&nbsp;<\/strong>: par le Taxiway, mat\u00e9rialis\u00e9 par des plots,<br>\u2022&nbsp;<strong>en hauteur<\/strong> : \u00e0 500 m\/sol, soit 1130 m QNH.<\/p>\n\n\n\n<figure class=\"wp-block-image\"><img decoding=\"async\" src=\"http:\/\/luchonvollibre.net\/wp-content\/uploads\/2019\/04\/VUE_VERTICALE_LUCHON_2019-1024x590.jpg\" alt=\"\" class=\"wp-image-152\"\/><\/figure>\n\n\n\n<p><strong>Il est strictement interdit de voler en parapente sous 1130 m QNH au-del\u00e0 des limites Nord et Est, \u00e0 l\u2019int\u00e9rieur du volume r\u00e9serv\u00e9 aux approches Vol Moteur et Planeur !<\/strong><\/p>\n\n\n\n<p>Il est donc \u00e9videmment interdit de survoler la piste, le taxiway et les b\u00e2timents de l\u2019a\u00e9rodrome (accueil, hangars) en dessous de 500 m\/sol.<\/p>\n\n\n\n<p><strong>Au dessus de 1130 m QNH, tous les usagers du ciel peuvent voler ensemble en respectant les r\u00e8gles de vol \u00e0 vue.<\/strong><\/p>\n\n\n\n<figure class=\"wp-block-image\"><img decoding=\"async\" src=\"http:\/\/luchonvollibre.net\/wp-content\/uploads\/2019\/04\/VUE_NORD_LUCHON_2019-1024x590.jpg\" alt=\"\" class=\"wp-image-151\"\/><\/figure>\n\n\n\n<h4 class=\"wp-block-heading\">Carte VAC pour les approches avion et planeurs<\/h4>\n\n\n\n<p>On voit bien sur cette carte VAC l\u2019importance de ne pas d\u00e9passer la limite Nord du secteur PUL, les avions et ULM traversant l\u2019a\u00e9rodrome d\u2019Ouest en Est, sous 500m\/sol.<\/p>\n\n\n\n<figure class=\"wp-block-image\"><img decoding=\"async\" src=\"http:\/\/luchonvollibre.net\/wp-content\/uploads\/2019\/04\/AD-2.LFCB_-645x1024.png\" alt=\"\" class=\"wp-image-172\"\/><\/figure>\n\n\n\n<figure class=\"wp-block-image\"><img decoding=\"async\" src=\"http:\/\/luchonvollibre.net\/wp-content\/uploads\/2017\/07\/approcheavion.jpg\" alt=\"\" class=\"wp-image-63\"\/><\/figure>\n\n\n\n<h2 class=\"wp-block-heading\">Approches conseill\u00e9es<\/h2>\n\n\n\n<figure class=\"wp-block-image\"><img decoding=\"async\" src=\"http:\/\/luchonvollibre.net\/wp-content\/uploads\/2017\/07\/PTU.jpg\" alt=\"\" class=\"wp-image-65\"\/><\/figure>\n\n\n\n<h4 class=\"wp-block-heading\">Atterrissage en brise montante, fa\u00e7e au Nord (rouge)<\/h4>\n\n\n\n<ul class=\"wp-block-list\">\n<li>Approche sur cynodrome si la brise est faible,<\/li>\n\n\n\n<li>La limite maximum de droite est le taxiway,<\/li>\n\n\n\n<li>En pr\u00e9sence de brise de vall\u00e9e, se placer au vent (dans le secteur PUL) avant de commencer l\u2019approche.<\/li>\n<\/ul>\n\n\n\n<figure class=\"wp-block-image\"><img decoding=\"async\" src=\"http:\/\/luchonvollibre.net\/wp-content\/uploads\/2017\/07\/approchenord.jpg\" alt=\"\" class=\"wp-image-64\"\/><\/figure>\n\n\n\n<h4 class=\"wp-block-heading\">Atterrissage en brise descendante face au Sud (jaune)<\/h4>\n\n\n\n<ul class=\"wp-block-list\">\n<li>Interdit de survoler les installations de l\u2019a\u00e9rodrome (accueil et hangards),<\/li>\n\n\n\n<li>La limite maximum nord est sur les plots de d\u00e9marcation,<\/li>\n\n\n\n<li>on pr\u00e9f\u00e8rera clairement une PTU main droite pour ne pas s\u2019approcher du taxiway.<\/li>\n<\/ul>\n\n\n\n<figure class=\"wp-block-image\"><img decoding=\"async\" src=\"http:\/\/luchonvollibre.net\/wp-content\/uploads\/2017\/07\/PTUdessus.jpg\" alt=\"\" class=\"wp-image-66\"\/><\/figure>\n\n\n\n<h2 class=\"wp-block-heading\">Brises de vall\u00e9e<\/h2>\n\n\n\n<p><strong>Les brises de vall\u00e9es, en fonction de l\u2019heure et des saisons, peuvent \u00eatre soutenues et requi\u00e8rent alors un niveau confirm\u00e9.<\/strong><\/p>\n\n\n\n<p><strong>Elles peuvent commencer \u00e0 souffler \u00e0 partir du mois de F\u00e9vrier.<\/strong><\/p>\n","protected":false},"excerpt":{"rendered":"<p>Vous \u00eates sur un des plus anciens sites de vol libre de France, il est unique dans son genre. Outre son d\u00e9nivel\u00e9 tr\u00e8s important : 1200 m., il cohabite depuis plus de 25 ans avec d\u2019autres activit\u00e9s a\u00e9riennes telles que le vol moteur, le planeur et l\u2019ULM. Pour la p\u00e9rennit\u00e9 et l\u2019\u00e9volution \u00e0 venir du &hellip; <\/p>\n<p class=\"link-more\"><a href=\"https:\/\/nouvlair.fr\/index.php\/voler-a-bagneres-de-luchon\/\" class=\"more-link\">Lire la suite de<span class=\"screen-reader-text\">\u00ab\u00a0Voler a bagneres de luchon\u00a0\u00bb<\/span><\/a><\/p>\n","protected":false},"author":2,"featured_media":0,"parent":0,"menu_order":0,"comment_status":"closed","ping_status":"closed","template":"","meta":{"inspiro_hide_title":false,"footnotes":""},"class_list":["post-210","page","type-page","status-publish","hentry"],"yoast_head":"<!-- This site is optimized with the Yoast SEO plugin v26.5 - https:\/\/yoast.com\/wordpress\/plugins\/seo\/ -->\n<title>Voler a bagneres de luchon - Nouv&#039;l&#039;air<\/title>\n<meta name=\"robots\" content=\"index, follow, max-snippet:-1, max-image-preview:large, max-video-preview:-1\" \/>\n<link rel=\"canonical\" href=\"http:\/\/nouvlair.fr\/index.php\/voler-a-bagneres-de-luchon\/\" \/>\n<meta property=\"og:locale\" content=\"fr_FR\" \/>\n<meta property=\"og:type\" content=\"article\" \/>\n<meta property=\"og:title\" content=\"Voler a bagneres de luchon - Nouv&#039;l&#039;air\" \/>\n<meta property=\"og:description\" content=\"Vous \u00eates sur un des plus anciens sites de vol libre de France, il est unique dans son genre. Outre son d\u00e9nivel\u00e9 tr\u00e8s important : 1200 m., il cohabite depuis plus de 25 ans avec d\u2019autres activit\u00e9s a\u00e9riennes telles que le vol moteur, le planeur et l\u2019ULM. Pour la p\u00e9rennit\u00e9 et l\u2019\u00e9volution \u00e0 venir du &hellip; Lire la suite de\u00ab\u00a0Voler a bagneres de luchon\u00a0\u00bb\" \/>\n<meta property=\"og:url\" content=\"http:\/\/nouvlair.fr\/index.php\/voler-a-bagneres-de-luchon\/\" \/>\n<meta property=\"og:site_name\" content=\"Nouv&#039;l&#039;air\" \/>\n<meta property=\"article:publisher\" content=\"https:\/\/www.facebook.com\/groups\/1089474547743317?locale=fr_FR\" \/>\n<meta property=\"article:modified_time\" content=\"2026-02-28T09:23:34+00:00\" \/>\n<meta property=\"og:image\" content=\"http:\/\/luchonvollibre.net\/wp-content\/uploads\/2019\/04\/VUE_VOLUMES_PUL_LUCHON_2019-1024x590.jpg\" \/>\n<meta name=\"twitter:card\" content=\"summary_large_image\" \/>\n<meta name=\"twitter:label1\" content=\"Dur\u00e9e de lecture estim\u00e9e\" \/>\n\t<meta name=\"twitter:data1\" content=\"4 minutes\" \/>\n<script type=\"application\/ld+json\" class=\"yoast-schema-graph\">{\"@context\":\"https:\/\/schema.org\",\"@graph\":[{\"@type\":\"WebPage\",\"@id\":\"http:\/\/nouvlair.fr\/index.php\/voler-a-bagneres-de-luchon\/\",\"url\":\"http:\/\/nouvlair.fr\/index.php\/voler-a-bagneres-de-luchon\/\",\"name\":\"Voler a bagneres de luchon - Nouv&#039;l&#039;air\",\"isPartOf\":{\"@id\":\"https:\/\/nouvlair.fr\/#website\"},\"primaryImageOfPage\":{\"@id\":\"http:\/\/nouvlair.fr\/index.php\/voler-a-bagneres-de-luchon\/#primaryimage\"},\"image\":{\"@id\":\"http:\/\/nouvlair.fr\/index.php\/voler-a-bagneres-de-luchon\/#primaryimage\"},\"thumbnailUrl\":\"http:\/\/luchonvollibre.net\/wp-content\/uploads\/2019\/04\/VUE_VOLUMES_PUL_LUCHON_2019-1024x590.jpg\",\"datePublished\":\"2026-02-28T07:58:51+00:00\",\"dateModified\":\"2026-02-28T09:23:34+00:00\",\"breadcrumb\":{\"@id\":\"http:\/\/nouvlair.fr\/index.php\/voler-a-bagneres-de-luchon\/#breadcrumb\"},\"inLanguage\":\"fr-FR\",\"potentialAction\":[{\"@type\":\"ReadAction\",\"target\":[\"http:\/\/nouvlair.fr\/index.php\/voler-a-bagneres-de-luchon\/\"]}]},{\"@type\":\"ImageObject\",\"inLanguage\":\"fr-FR\",\"@id\":\"http:\/\/nouvlair.fr\/index.php\/voler-a-bagneres-de-luchon\/#primaryimage\",\"url\":\"http:\/\/luchonvollibre.net\/wp-content\/uploads\/2019\/04\/VUE_VOLUMES_PUL_LUCHON_2019-1024x590.jpg\",\"contentUrl\":\"http:\/\/luchonvollibre.net\/wp-content\/uploads\/2019\/04\/VUE_VOLUMES_PUL_LUCHON_2019-1024x590.jpg\"},{\"@type\":\"BreadcrumbList\",\"@id\":\"http:\/\/nouvlair.fr\/index.php\/voler-a-bagneres-de-luchon\/#breadcrumb\",\"itemListElement\":[{\"@type\":\"ListItem\",\"position\":1,\"name\":\"Accueil\",\"item\":\"https:\/\/nouvlair.fr\/\"},{\"@type\":\"ListItem\",\"position\":2,\"name\":\"Voler a bagneres de luchon\"}]},{\"@type\":\"WebSite\",\"@id\":\"https:\/\/nouvlair.fr\/#website\",\"url\":\"https:\/\/nouvlair.fr\/\",\"name\":\"Nouvlair Pyr\u00e9n\u00e9es Air Tour\",\"description\":\"D\u00e9clencheur de passion\",\"publisher\":{\"@id\":\"https:\/\/nouvlair.fr\/#organization\"},\"potentialAction\":[{\"@type\":\"SearchAction\",\"target\":{\"@type\":\"EntryPoint\",\"urlTemplate\":\"https:\/\/nouvlair.fr\/?s={search_term_string}\"},\"query-input\":{\"@type\":\"PropertyValueSpecification\",\"valueRequired\":true,\"valueName\":\"search_term_string\"}}],\"inLanguage\":\"fr-FR\"},{\"@type\":\"Organization\",\"@id\":\"https:\/\/nouvlair.fr\/#organization\",\"name\":\"Nouv'l'air\",\"url\":\"https:\/\/nouvlair.fr\/\",\"logo\":{\"@type\":\"ImageObject\",\"inLanguage\":\"fr-FR\",\"@id\":\"https:\/\/nouvlair.fr\/#\/schema\/logo\/image\/\",\"url\":\"http:\/\/nouvlair.fr\/wp-content\/uploads\/2025\/12\/logo-nouv-l-air_logo-nouv-l-air-luchon_noir-scaled.png\",\"contentUrl\":\"http:\/\/nouvlair.fr\/wp-content\/uploads\/2025\/12\/logo-nouv-l-air_logo-nouv-l-air-luchon_noir-scaled.png\",\"width\":2560,\"height\":674,\"caption\":\"Nouv'l'air\"},\"image\":{\"@id\":\"https:\/\/nouvlair.fr\/#\/schema\/logo\/image\/\"},\"sameAs\":[\"https:\/\/www.facebook.com\/groups\/1089474547743317?locale=fr_FR\",\"https:\/\/www.instagram.com\/pyrenees_air_tour\/\"]}]}<\/script>\n<!-- \/ Yoast SEO plugin. -->","yoast_head_json":{"title":"Voler a bagneres de luchon - Nouv&#039;l&#039;air","robots":{"index":"index","follow":"follow","max-snippet":"max-snippet:-1","max-image-preview":"max-image-preview:large","max-video-preview":"max-video-preview:-1"},"canonical":"http:\/\/nouvlair.fr\/index.php\/voler-a-bagneres-de-luchon\/","og_locale":"fr_FR","og_type":"article","og_title":"Voler a bagneres de luchon - Nouv&#039;l&#039;air","og_description":"Vous \u00eates sur un des plus anciens sites de vol libre de France, il est unique dans son genre. Outre son d\u00e9nivel\u00e9 tr\u00e8s important : 1200 m., il cohabite depuis plus de 25 ans avec d\u2019autres activit\u00e9s a\u00e9riennes telles que le vol moteur, le planeur et l\u2019ULM. Pour la p\u00e9rennit\u00e9 et l\u2019\u00e9volution \u00e0 venir du &hellip; Lire la suite de\u00ab\u00a0Voler a bagneres de luchon\u00a0\u00bb","og_url":"http:\/\/nouvlair.fr\/index.php\/voler-a-bagneres-de-luchon\/","og_site_name":"Nouv&#039;l&#039;air","article_publisher":"https:\/\/www.facebook.com\/groups\/1089474547743317?locale=fr_FR","article_modified_time":"2026-02-28T09:23:34+00:00","og_image":[{"url":"http:\/\/luchonvollibre.net\/wp-content\/uploads\/2019\/04\/VUE_VOLUMES_PUL_LUCHON_2019-1024x590.jpg","type":"","width":"","height":""}],"twitter_card":"summary_large_image","twitter_misc":{"Dur\u00e9e de lecture estim\u00e9e":"4 minutes"},"schema":{"@context":"https:\/\/schema.org","@graph":[{"@type":"WebPage","@id":"http:\/\/nouvlair.fr\/index.php\/voler-a-bagneres-de-luchon\/","url":"http:\/\/nouvlair.fr\/index.php\/voler-a-bagneres-de-luchon\/","name":"Voler a bagneres de luchon - Nouv&#039;l&#039;air","isPartOf":{"@id":"https:\/\/nouvlair.fr\/#website"},"primaryImageOfPage":{"@id":"http:\/\/nouvlair.fr\/index.php\/voler-a-bagneres-de-luchon\/#primaryimage"},"image":{"@id":"http:\/\/nouvlair.fr\/index.php\/voler-a-bagneres-de-luchon\/#primaryimage"},"thumbnailUrl":"http:\/\/luchonvollibre.net\/wp-content\/uploads\/2019\/04\/VUE_VOLUMES_PUL_LUCHON_2019-1024x590.jpg","datePublished":"2026-02-28T07:58:51+00:00","dateModified":"2026-02-28T09:23:34+00:00","breadcrumb":{"@id":"http:\/\/nouvlair.fr\/index.php\/voler-a-bagneres-de-luchon\/#breadcrumb"},"inLanguage":"fr-FR","potentialAction":[{"@type":"ReadAction","target":["http:\/\/nouvlair.fr\/index.php\/voler-a-bagneres-de-luchon\/"]}]},{"@type":"ImageObject","inLanguage":"fr-FR","@id":"http:\/\/nouvlair.fr\/index.php\/voler-a-bagneres-de-luchon\/#primaryimage","url":"http:\/\/luchonvollibre.net\/wp-content\/uploads\/2019\/04\/VUE_VOLUMES_PUL_LUCHON_2019-1024x590.jpg","contentUrl":"http:\/\/luchonvollibre.net\/wp-content\/uploads\/2019\/04\/VUE_VOLUMES_PUL_LUCHON_2019-1024x590.jpg"},{"@type":"BreadcrumbList","@id":"http:\/\/nouvlair.fr\/index.php\/voler-a-bagneres-de-luchon\/#breadcrumb","itemListElement":[{"@type":"ListItem","position":1,"name":"Accueil","item":"https:\/\/nouvlair.fr\/"},{"@type":"ListItem","position":2,"name":"Voler a bagneres de luchon"}]},{"@type":"WebSite","@id":"https:\/\/nouvlair.fr\/#website","url":"https:\/\/nouvlair.fr\/","name":"Nouvlair Pyr\u00e9n\u00e9es Air Tour","description":"D\u00e9clencheur de passion","publisher":{"@id":"https:\/\/nouvlair.fr\/#organization"},"potentialAction":[{"@type":"SearchAction","target":{"@type":"EntryPoint","urlTemplate":"https:\/\/nouvlair.fr\/?s={search_term_string}"},"query-input":{"@type":"PropertyValueSpecification","valueRequired":true,"valueName":"search_term_string"}}],"inLanguage":"fr-FR"},{"@type":"Organization","@id":"https:\/\/nouvlair.fr\/#organization","name":"Nouv'l'air","url":"https:\/\/nouvlair.fr\/","logo":{"@type":"ImageObject","inLanguage":"fr-FR","@id":"https:\/\/nouvlair.fr\/#\/schema\/logo\/image\/","url":"http:\/\/nouvlair.fr\/wp-content\/uploads\/2025\/12\/logo-nouv-l-air_logo-nouv-l-air-luchon_noir-scaled.png","contentUrl":"http:\/\/nouvlair.fr\/wp-content\/uploads\/2025\/12\/logo-nouv-l-air_logo-nouv-l-air-luchon_noir-scaled.png","width":2560,"height":674,"caption":"Nouv'l'air"},"image":{"@id":"https:\/\/nouvlair.fr\/#\/schema\/logo\/image\/"},"sameAs":["https:\/\/www.facebook.com\/groups\/1089474547743317?locale=fr_FR","https:\/\/www.instagram.com\/pyrenees_air_tour\/"]}]}},"_links":{"self":[{"href":"https:\/\/nouvlair.fr\/index.php\/wp-json\/wp\/v2\/pages\/210","targetHints":{"allow":["GET"]}}],"collection":[{"href":"https:\/\/nouvlair.fr\/index.php\/wp-json\/wp\/v2\/pages"}],"about":[{"href":"https:\/\/nouvlair.fr\/index.php\/wp-json\/wp\/v2\/types\/page"}],"author":[{"embeddable":true,"href":"https:\/\/nouvlair.fr\/index.php\/wp-json\/wp\/v2\/users\/2"}],"replies":[{"embeddable":true,"href":"https:\/\/nouvlair.fr\/index.php\/wp-json\/wp\/v2\/comments?post=210"}],"version-history":[{"count":2,"href":"https:\/\/nouvlair.fr\/index.php\/wp-json\/wp\/v2\/pages\/210\/revisions"}],"predecessor-version":[{"id":261,"href":"https:\/\/nouvlair.fr\/index.php\/wp-json\/wp\/v2\/pages\/210\/revisions\/261"}],"wp:attachment":[{"href":"https:\/\/nouvlair.fr\/index.php\/wp-json\/wp\/v2\/media?parent=210"}],"curies":[{"name":"wp","href":"https:\/\/api.w.org\/{rel}","templated":true}]}}