{"id":213,"date":"2026-02-28T07:59:18","date_gmt":"2026-02-28T07:59:18","guid":{"rendered":"https:\/\/nouvlair.fr\/?page_id=213"},"modified":"2026-02-28T09:25:12","modified_gmt":"2026-02-28T09:25:12","slug":"voler-a-oo","status":"publish","type":"page","link":"https:\/\/nouvlair.fr\/index.php\/voler-a-oo\/","title":{"rendered":"Voler a Oo"},"content":{"rendered":"\n<h2 class=\"wp-block-heading\"><img loading=\"lazy\" decoding=\"async\" src=\"http:\/\/luchonvollibre.net\/wp-content\/uploads\/2019\/05\/Oo-300x225.jpg\" alt=\"\" width=\"498\" height=\"373\" srcset=\"https:\/\/luchonvollibre.net\/wp-content\/uploads\/2019\/05\/Oo-300x225.jpg 300w, https:\/\/luchonvollibre.net\/wp-content\/uploads\/2019\/05\/Oo-768x576.jpg 768w, https:\/\/luchonvollibre.net\/wp-content\/uploads\/2019\/05\/Oo-1024x768.jpg 1024w, https:\/\/luchonvollibre.net\/wp-content\/uploads\/2019\/05\/Oo.jpg 1594w\"><\/h2>\n\n\n\n<h2 class=\"wp-block-heading\"><strong>Terrain d\u2019atterrissage de O\u00f4<\/strong><\/h2>\n\n\n\n<figure class=\"wp-block-image\"><img decoding=\"async\" src=\"http:\/\/luchonvollibre.net\/wp-content\/uploads\/2019\/05\/IMG_0738-1-300x167.jpg\" alt=\"\" class=\"wp-image-394\"\/><\/figure>\n\n\n\n<ul class=\"wp-block-list\">\n<li>De\u00a0Luchon :\u00a0Prendre la direction du col de Peyresourde.<\/li>\n\n\n\n<li>A 500 m\u00e8tres de la sortie du village de Cazeaux de Larboust, sur la gauche,\u00a0embranchement\u00a0en\u00a0direction du village de O\u00f4.<\/li>\n\n\n\n<li>A O\u00f4,\u00a0se garer sur le parking du village,\u00a0en face de\u00a0l\u2019h\u00f4tel des Spijeoles, se garer l\u00e0 et pas ailleurs.<\/li>\n<\/ul>\n\n\n\n<p>Allez \u00e0 pied au terrain, pour cela passer le premier pont et prendre tout de suite \u00e0 droite vers le terrain de foot.<\/p>\n\n\n\n<p>l\u2019Atterro<strong>&nbsp;es<\/strong>t dans le prolongement du&nbsp;terrain de foot.<\/p>\n\n\n\n<p>Il est interdit de se diriger vers le terrain de foot en voiture, pire d\u2019y garer sa voiture.<br>Evitez que par votre attitude nous soyons tous p\u00e9nalis\u00e9s.<\/p>\n\n\n\n<p>Coordonn\u00e9es GPS &nbsp; 42.79266 N &nbsp;&nbsp;0.50327 E<\/p>\n\n\n\n<p><a href=\"https:\/\/maps.apple.com\/?q=42.79266 0.50327 target=\">Apple Plan<\/a>&nbsp;\/ <a href=\"https:\/\/www.google.com\/maps?q=42.79266,0.50327\">Google Map<\/a><\/p>\n\n\n\n<figure class=\"wp-block-image alignleft\"><img decoding=\"async\" src=\"http:\/\/luchonvollibre.net\/wp-content\/uploads\/2017\/07\/village-oo09-300x216.jpg\" alt=\"\" class=\"wp-image-99\"\/><\/figure>\n\n\n\n<figure class=\"wp-block-image alignright\"><img decoding=\"async\" src=\"http:\/\/luchonvollibre.net\/wp-content\/uploads\/2017\/07\/030501012-300x225.jpg\" alt=\"\" class=\"wp-image-100\"\/><\/figure>\n\n\n\n<h2 class=\"wp-block-heading\">La Moraine<\/h2>\n\n\n\n<figure class=\"wp-block-image aligncenter\"><img decoding=\"async\" src=\"http:\/\/luchonvollibre.net\/wp-content\/uploads\/2019\/05\/IMG_0753-300x169.jpg\" alt=\"\" class=\"wp-image-367\"\/><\/figure>\n\n\n\n<p>Pente \u00e9cole, zone de pliage, lieu de manifestations, mais aussi atterro secondaire, la moraine de Garin est l\u2019endroit privil\u00e9gi\u00e9 pour se donner rendez-vous entre parapentistes.<\/p>\n\n\n\n<ul class=\"wp-block-list\">\n<li>De\u00a0Luchon :\u00a0Prendre la direction du col de Peyresourde.<\/li>\n\n\n\n<li>A la sortie du village de Garin, continuer sur environ 1 kilom\u00e8tre, vous ne pouvez pas rater la moraine de Garin.<\/li>\n<\/ul>\n\n\n\n<p><a href=\"https:\/\/www.soaring.fr\/infos-utiles\/route-du-vol\/\">Pour tout renseignement<\/a><\/p>\n\n\n\n<p>Cordonn\u00e9es GPS &nbsp;42.806849 N &nbsp; 0.507926 E<\/p>\n\n\n\n<p><a href=\"https:\/\/maps.apple.com\/?q=42.806849 0.507926 target=\">Apple Plan<\/a>&nbsp;\/ <a href=\"https:\/\/www.google.com\/maps?q=42.806849,0.507926\">Google Map<\/a><\/p>\n\n\n\n<figure class=\"wp-block-image aligncenter\"><img decoding=\"async\" src=\"http:\/\/luchonvollibre.net\/wp-content\/uploads\/2019\/05\/IMG_0752-300x65.jpg\" alt=\"\" class=\"wp-image-365\"\/><\/figure>\n\n\n\n<h2 class=\"wp-block-heading\"><strong>Le 400<\/strong><\/h2>\n\n\n\n<figure class=\"wp-block-image\"><img decoding=\"async\" src=\"http:\/\/luchonvollibre.net\/wp-content\/uploads\/2017\/07\/100_1119-300x225.jpg\" alt=\"\" class=\"wp-image-96\"\/><\/figure>\n\n\n\n<ul class=\"wp-block-list\">\n<li>De\u00a0Luchon :\u00a0Prendre la direction du col de Peyresourde.<\/li>\n\n\n\n<li>A la sortie du village de Garin,\u00a0au carrefour de la moraine, prendre la\u00a0direction de la station de ski des Agudes.<\/li>\n\n\n\n<li>Aux premi\u00e8res maisons\u00a0du village de Gouaux de Larboust, prendre sur la gauche.<\/li>\n<\/ul>\n\n\n\n<p>Il est fortement recommand\u00e9 de garer les v\u00e9hicules \u00e0 l\u2019entr\u00e9e du village et lib\u00e9rer ainsi la place du village \u00ab&nbsp;devant chez Jeannot&nbsp;\u00bb.<br>Il ne manque pas de places juste avant le virage, l\u00e0, vous ne g\u00eanerez personne et en plus votre voiture sera \u00e0 l\u2019ombre.<br>De plus, il est strictement interdit d\u2019aller garer votre 4X4 ou votre moto devant la cl\u00f4ture \u00e9lectrique et encore moins plus haut.<\/p>\n\n\n\n<p>Sachez que bonne marche d\u2019approche, muscle les mollets, \u00e9vacue le surplus de houblon, pr\u00e9pare \u00e0 un bon vol et permet de maintenir nos bonnes relations avec les habitants du village.<\/p>\n\n\n\n<p>D\u2019une fa\u00e7on g\u00e9n\u00e9rale, Merci de respecter les autres<br>Evitez que par votre attitude nous soyons tous p\u00e9nalis\u00e9s<\/p>\n\n\n\n<p><strong>Deco :<br><\/strong>Coordonn\u00e9es GPS &nbsp;42.79063 N &nbsp;0.49226 E<\/p>\n\n\n\n<p><a href=\"https:\/\/maps.apple.com\/?q= 42.79063 0.49226 target=\">Apple Plan<\/a>&nbsp;\/ <a href=\"https:\/\/www.google.com\/maps?q=42.79063,0.49226\">Google Map<\/a><\/p>\n\n\n\n<figure class=\"wp-block-image aligncenter\"><img decoding=\"async\" src=\"http:\/\/arnaud.phpnet.org\/wp\/wp-content\/uploads\/2017\/07\/Oo-400.jpg\" alt=\"\" class=\"wp-image-95\"\/><\/figure>\n\n\n\n<h2 class=\"wp-block-heading\"><strong>Le<\/strong><strong>&nbsp;600<\/strong><\/h2>\n\n\n\n<figure class=\"wp-block-image\"><img decoding=\"async\" src=\"http:\/\/luchonvollibre.net\/wp-content\/uploads\/2017\/07\/100_1151-300x225.jpg\" alt=\"\" class=\"wp-image-93\"\/><\/figure>\n\n\n\n<ul class=\"wp-block-list\">\n<li>De\u00a0Luchon :\u00a0Prendre la direction du col de Peyresourde.<\/li>\n\n\n\n<li>A la sortie du village de Garin,\u00a0au carrefour de la moraine, prendre la\u00a0direction de la station de ski des Agudes.<\/li>\n\n\n\n<li>Traverser Le village de Gouaux de Larboust.<\/li>\n\n\n\n<li>Compter 4 virages en lacets.<\/li>\n\n\n\n<li>A la sortie du 4eme virage se garer\u00a0cot\u00e9 gauche.<br>Cot\u00e9 droit, le d\u00e9part du chemin du d\u00e9co, celui-ci \u00a0passe\u00a0\u00e0 proximit\u00e9\u00a0d\u2019un chalet isol\u00e9.<br>S\u2019il n\u2019y a pas le chalet en vue, c\u2019est que vous avez mal compt\u00e9 les virages ou qu\u2019il y a trop de brouillard pour voler.<\/li>\n<\/ul>\n\n\n\n<p><strong>Deco :<br><\/strong>Coordonn\u00e9es GPS&nbsp;42.79806 N &nbsp;0.48752 E<br><a href=\"https:\/\/maps.apple.com\/?q= 42.79806 0.48752 target=\">Apple Plan<\/a>&nbsp;\/ <a href=\"https:\/\/www.google.com\/maps?q=42.79806,0.48752\">Google Map<\/a><\/p>\n\n\n\n<figure class=\"wp-block-image aligncenter\"><img decoding=\"async\" src=\"http:\/\/arnaud.phpnet.org\/wp\/wp-content\/uploads\/2017\/07\/Oo-600.jpg\" alt=\"\" class=\"wp-image-92\"\/><\/figure>\n\n\n\n<h2 class=\"wp-block-heading\"><strong>Les Antennes<\/strong><\/h2>\n\n\n\n<ul class=\"wp-block-list\">\n<li>De\u00a0Luchon :\u00a0Prendre la direction du col de Peyresourde.<\/li>\n\n\n\n<li>A la sortie du village de Garin,\u00a0au carrefour de la moraine, prendre la\u00a0direction de la station de ski des Agudes.<\/li>\n\n\n\n<li>A la station de ski, traverser le parking, continuer \u00e0 droite, sur la route qui contourne les maisons. la route se transforme en chemin.<\/li>\n\n\n\n<li>Garer votre voiture et monter, par le chemin, jusqu\u2019aux antennes ( t\u00e9l\u00e9phone et television )<\/li>\n<\/ul>\n\n\n\n<p>Vous pouvez d\u00e9coller d\u2019o\u00f9 vous voulez dans cette grande pente herbeuse en direction du Soulit. Cela d\u00e9pend de votre andurance, mais, plus vous montez, meilleur sera votre vol.<\/p>\n\n\n\n<figure class=\"wp-block-image aligncenter\"><img decoding=\"async\" src=\"http:\/\/luchonvollibre.net\/wp-content\/uploads\/2019\/05\/17494165_m-300x203.jpg\" alt=\"\" class=\"wp-image-401\"\/><\/figure>\n\n\n\n<p>Le plan de vol, selon les brises est, soit en direction du 400 soit en direction du 600<\/p>\n\n\n\n<p>Si votre plan de vol est en direction du 600, Attention, une ligne de haute tension qui descend de la cr\u00eate du 600 en direction du village de Gouaux vous barre la route. En cas de doute sur son franchissement, modifiez votre plan de vol et prenez alors la direction du 400.<\/p>\n\n\n\n<p>La zone au niveau du village de Gouaux est propice \u00e0 l\u2019effet venturi, ne vous faites pas pi\u00e9ger dans le verrou, si c\u2019est le cas, il y a des vaches en amont du village, mais elles risquent de ne pas \u00eatre accueillantes\u2026.<\/p>\n\n\n\n<p>D\u00e9co :<br>Coordonn\u00e9es GPS 42,78921 N &nbsp;0,47503 E<br><a href=\"https:\/\/maps.apple.com\/?q= 42.78921 0.47503 target=\">Apple Plan<\/a>&nbsp;\/ <a href=\"https:\/\/www.google.com\/maps?q=42.78921,0.47503\">Google Map<\/a><\/p>\n\n\n\n<h2 class=\"wp-block-heading\">Le 700 et le 900<\/h2>\n\n\n\n<ul class=\"wp-block-list\">\n<li>De\u00a0Luchon :\u00a0Prendre la direction du col de Peyresourde.<\/li>\n\n\n\n<li>A la sortie du village de Garin,\u00a0au carrefour de la moraine, prendre la\u00a0direction de la station de ski des Agudes.<\/li>\n\n\n\n<li>Traverser Le village de Gouaux de Larboust.<\/li>\n\n\n\n<li>Au premier virage en lacet, garer votre voiture.<\/li>\n\n\n\n<li>Emprunter le chemin au depart de l\u2019abris bus en direction de la vall\u00e9e blanche.<\/li>\n\n\n\n<li>Vous \u00eates en zone d\u2019estive, pensez \u00e0 refermer les clotures \u00e9lectriques.<\/li>\n\n\n\n<li>Le chemin passe en amont du bois, rejoindre la cr\u00eate qui surplombe la vall\u00e9e d\u2019O\u00f4.<\/li>\n\n\n\n<li>L\u00e0, vous avez le choix entre d\u00e9coller du 700 ou continuer le long de la cr\u00eate en direction du 900.<\/li>\n<\/ul>\n\n\n\n<p>D\u00e9co 700 :<br>Coordonn\u00e9es GPS &nbsp; 42.78370 N &nbsp;0.49063 O<br><a href=\"https:\/\/maps.apple.com\/?q= 42.78370 0.49063 target=\">Apple Plan<\/a>&nbsp;\/ <a href=\"https:\/\/www.google.com\/maps?q=42.78370,0.49063\">Google Map<\/a><\/p>\n\n\n\n<p>D\u00e9co 900 :<br>Coordonn\u00e9es GPS &nbsp; 42.77356 N &nbsp;0.48745 O<br><a href=\"https:\/\/maps.apple.com\/?q= 42.77356 0.48745 target=\">Apple Plan<\/a>&nbsp;\/ <a href=\"https:\/\/www.google.com\/maps?q=42.77356,0.48745\">Google Map<\/a><\/p>\n","protected":false},"excerpt":{"rendered":"<p>Terrain d\u2019atterrissage de O\u00f4 Allez \u00e0 pied au terrain, pour cela passer le premier pont et prendre tout de suite \u00e0 droite vers le terrain de foot. l\u2019Atterro&nbsp;est dans le prolongement du&nbsp;terrain de foot. Il est interdit de se diriger vers le terrain de foot en voiture, pire d\u2019y garer sa voiture.Evitez que par votre &hellip; <\/p>\n<p class=\"link-more\"><a href=\"https:\/\/nouvlair.fr\/index.php\/voler-a-oo\/\" class=\"more-link\">Lire la suite de<span class=\"screen-reader-text\">\u00ab\u00a0Voler a Oo\u00a0\u00bb<\/span><\/a><\/p>\n","protected":false},"author":2,"featured_media":0,"parent":0,"menu_order":0,"comment_status":"closed","ping_status":"closed","template":"","meta":{"inspiro_hide_title":false,"footnotes":""},"class_list":["post-213","page","type-page","status-publish","hentry"],"yoast_head":"<!-- This site is optimized with the Yoast SEO plugin v26.5 - https:\/\/yoast.com\/wordpress\/plugins\/seo\/ -->\n<title>Voler a Oo - Nouv&#039;l&#039;air<\/title>\n<meta name=\"robots\" content=\"index, follow, max-snippet:-1, max-image-preview:large, max-video-preview:-1\" \/>\n<link rel=\"canonical\" href=\"http:\/\/nouvlair.fr\/index.php\/voler-a-oo\/\" \/>\n<meta property=\"og:locale\" content=\"fr_FR\" \/>\n<meta property=\"og:type\" content=\"article\" \/>\n<meta property=\"og:title\" content=\"Voler a Oo - Nouv&#039;l&#039;air\" \/>\n<meta property=\"og:description\" content=\"Terrain d\u2019atterrissage de O\u00f4 Allez \u00e0 pied au terrain, pour cela passer le premier pont et prendre tout de suite \u00e0 droite vers le terrain de foot. l\u2019Atterro&nbsp;est dans le prolongement du&nbsp;terrain de foot. Il est interdit de se diriger vers le terrain de foot en voiture, pire d\u2019y garer sa voiture.Evitez que par votre &hellip; Lire la suite de\u00ab\u00a0Voler a Oo\u00a0\u00bb\" \/>\n<meta property=\"og:url\" content=\"http:\/\/nouvlair.fr\/index.php\/voler-a-oo\/\" \/>\n<meta property=\"og:site_name\" content=\"Nouv&#039;l&#039;air\" \/>\n<meta property=\"article:publisher\" content=\"https:\/\/www.facebook.com\/groups\/1089474547743317?locale=fr_FR\" \/>\n<meta property=\"article:modified_time\" content=\"2026-02-28T09:25:12+00:00\" \/>\n<meta property=\"og:image\" content=\"http:\/\/luchonvollibre.net\/wp-content\/uploads\/2019\/05\/Oo-300x225.jpg\" \/>\n<meta name=\"twitter:card\" content=\"summary_large_image\" \/>\n<meta name=\"twitter:label1\" content=\"Dur\u00e9e de lecture estim\u00e9e\" \/>\n\t<meta name=\"twitter:data1\" content=\"7 minutes\" \/>\n<script type=\"application\/ld+json\" class=\"yoast-schema-graph\">{\"@context\":\"https:\/\/schema.org\",\"@graph\":[{\"@type\":\"WebPage\",\"@id\":\"http:\/\/nouvlair.fr\/index.php\/voler-a-oo\/\",\"url\":\"http:\/\/nouvlair.fr\/index.php\/voler-a-oo\/\",\"name\":\"Voler a Oo - Nouv&#039;l&#039;air\",\"isPartOf\":{\"@id\":\"https:\/\/nouvlair.fr\/#website\"},\"primaryImageOfPage\":{\"@id\":\"http:\/\/nouvlair.fr\/index.php\/voler-a-oo\/#primaryimage\"},\"image\":{\"@id\":\"http:\/\/nouvlair.fr\/index.php\/voler-a-oo\/#primaryimage\"},\"thumbnailUrl\":\"http:\/\/luchonvollibre.net\/wp-content\/uploads\/2019\/05\/Oo-300x225.jpg\",\"datePublished\":\"2026-02-28T07:59:18+00:00\",\"dateModified\":\"2026-02-28T09:25:12+00:00\",\"breadcrumb\":{\"@id\":\"http:\/\/nouvlair.fr\/index.php\/voler-a-oo\/#breadcrumb\"},\"inLanguage\":\"fr-FR\",\"potentialAction\":[{\"@type\":\"ReadAction\",\"target\":[\"http:\/\/nouvlair.fr\/index.php\/voler-a-oo\/\"]}]},{\"@type\":\"ImageObject\",\"inLanguage\":\"fr-FR\",\"@id\":\"http:\/\/nouvlair.fr\/index.php\/voler-a-oo\/#primaryimage\",\"url\":\"http:\/\/luchonvollibre.net\/wp-content\/uploads\/2019\/05\/Oo-300x225.jpg\",\"contentUrl\":\"http:\/\/luchonvollibre.net\/wp-content\/uploads\/2019\/05\/Oo-300x225.jpg\"},{\"@type\":\"BreadcrumbList\",\"@id\":\"http:\/\/nouvlair.fr\/index.php\/voler-a-oo\/#breadcrumb\",\"itemListElement\":[{\"@type\":\"ListItem\",\"position\":1,\"name\":\"Accueil\",\"item\":\"https:\/\/nouvlair.fr\/\"},{\"@type\":\"ListItem\",\"position\":2,\"name\":\"Voler a Oo\"}]},{\"@type\":\"WebSite\",\"@id\":\"https:\/\/nouvlair.fr\/#website\",\"url\":\"https:\/\/nouvlair.fr\/\",\"name\":\"Nouvlair Pyr\u00e9n\u00e9es Air Tour\",\"description\":\"D\u00e9clencheur de passion\",\"publisher\":{\"@id\":\"https:\/\/nouvlair.fr\/#organization\"},\"potentialAction\":[{\"@type\":\"SearchAction\",\"target\":{\"@type\":\"EntryPoint\",\"urlTemplate\":\"https:\/\/nouvlair.fr\/?s={search_term_string}\"},\"query-input\":{\"@type\":\"PropertyValueSpecification\",\"valueRequired\":true,\"valueName\":\"search_term_string\"}}],\"inLanguage\":\"fr-FR\"},{\"@type\":\"Organization\",\"@id\":\"https:\/\/nouvlair.fr\/#organization\",\"name\":\"Nouv'l'air\",\"url\":\"https:\/\/nouvlair.fr\/\",\"logo\":{\"@type\":\"ImageObject\",\"inLanguage\":\"fr-FR\",\"@id\":\"https:\/\/nouvlair.fr\/#\/schema\/logo\/image\/\",\"url\":\"http:\/\/nouvlair.fr\/wp-content\/uploads\/2025\/12\/logo-nouv-l-air_logo-nouv-l-air-luchon_noir-scaled.png\",\"contentUrl\":\"http:\/\/nouvlair.fr\/wp-content\/uploads\/2025\/12\/logo-nouv-l-air_logo-nouv-l-air-luchon_noir-scaled.png\",\"width\":2560,\"height\":674,\"caption\":\"Nouv'l'air\"},\"image\":{\"@id\":\"https:\/\/nouvlair.fr\/#\/schema\/logo\/image\/\"},\"sameAs\":[\"https:\/\/www.facebook.com\/groups\/1089474547743317?locale=fr_FR\",\"https:\/\/www.instagram.com\/pyrenees_air_tour\/\"]}]}<\/script>\n<!-- \/ Yoast SEO plugin. -->","yoast_head_json":{"title":"Voler a Oo - Nouv&#039;l&#039;air","robots":{"index":"index","follow":"follow","max-snippet":"max-snippet:-1","max-image-preview":"max-image-preview:large","max-video-preview":"max-video-preview:-1"},"canonical":"http:\/\/nouvlair.fr\/index.php\/voler-a-oo\/","og_locale":"fr_FR","og_type":"article","og_title":"Voler a Oo - Nouv&#039;l&#039;air","og_description":"Terrain d\u2019atterrissage de O\u00f4 Allez \u00e0 pied au terrain, pour cela passer le premier pont et prendre tout de suite \u00e0 droite vers le terrain de foot. l\u2019Atterro&nbsp;est dans le prolongement du&nbsp;terrain de foot. Il est interdit de se diriger vers le terrain de foot en voiture, pire d\u2019y garer sa voiture.Evitez que par votre &hellip; Lire la suite de\u00ab\u00a0Voler a Oo\u00a0\u00bb","og_url":"http:\/\/nouvlair.fr\/index.php\/voler-a-oo\/","og_site_name":"Nouv&#039;l&#039;air","article_publisher":"https:\/\/www.facebook.com\/groups\/1089474547743317?locale=fr_FR","article_modified_time":"2026-02-28T09:25:12+00:00","og_image":[{"url":"http:\/\/luchonvollibre.net\/wp-content\/uploads\/2019\/05\/Oo-300x225.jpg","type":"","width":"","height":""}],"twitter_card":"summary_large_image","twitter_misc":{"Dur\u00e9e de lecture estim\u00e9e":"7 minutes"},"schema":{"@context":"https:\/\/schema.org","@graph":[{"@type":"WebPage","@id":"http:\/\/nouvlair.fr\/index.php\/voler-a-oo\/","url":"http:\/\/nouvlair.fr\/index.php\/voler-a-oo\/","name":"Voler a Oo - Nouv&#039;l&#039;air","isPartOf":{"@id":"https:\/\/nouvlair.fr\/#website"},"primaryImageOfPage":{"@id":"http:\/\/nouvlair.fr\/index.php\/voler-a-oo\/#primaryimage"},"image":{"@id":"http:\/\/nouvlair.fr\/index.php\/voler-a-oo\/#primaryimage"},"thumbnailUrl":"http:\/\/luchonvollibre.net\/wp-content\/uploads\/2019\/05\/Oo-300x225.jpg","datePublished":"2026-02-28T07:59:18+00:00","dateModified":"2026-02-28T09:25:12+00:00","breadcrumb":{"@id":"http:\/\/nouvlair.fr\/index.php\/voler-a-oo\/#breadcrumb"},"inLanguage":"fr-FR","potentialAction":[{"@type":"ReadAction","target":["http:\/\/nouvlair.fr\/index.php\/voler-a-oo\/"]}]},{"@type":"ImageObject","inLanguage":"fr-FR","@id":"http:\/\/nouvlair.fr\/index.php\/voler-a-oo\/#primaryimage","url":"http:\/\/luchonvollibre.net\/wp-content\/uploads\/2019\/05\/Oo-300x225.jpg","contentUrl":"http:\/\/luchonvollibre.net\/wp-content\/uploads\/2019\/05\/Oo-300x225.jpg"},{"@type":"BreadcrumbList","@id":"http:\/\/nouvlair.fr\/index.php\/voler-a-oo\/#breadcrumb","itemListElement":[{"@type":"ListItem","position":1,"name":"Accueil","item":"https:\/\/nouvlair.fr\/"},{"@type":"ListItem","position":2,"name":"Voler a Oo"}]},{"@type":"WebSite","@id":"https:\/\/nouvlair.fr\/#website","url":"https:\/\/nouvlair.fr\/","name":"Nouvlair Pyr\u00e9n\u00e9es Air Tour","description":"D\u00e9clencheur de passion","publisher":{"@id":"https:\/\/nouvlair.fr\/#organization"},"potentialAction":[{"@type":"SearchAction","target":{"@type":"EntryPoint","urlTemplate":"https:\/\/nouvlair.fr\/?s={search_term_string}"},"query-input":{"@type":"PropertyValueSpecification","valueRequired":true,"valueName":"search_term_string"}}],"inLanguage":"fr-FR"},{"@type":"Organization","@id":"https:\/\/nouvlair.fr\/#organization","name":"Nouv'l'air","url":"https:\/\/nouvlair.fr\/","logo":{"@type":"ImageObject","inLanguage":"fr-FR","@id":"https:\/\/nouvlair.fr\/#\/schema\/logo\/image\/","url":"http:\/\/nouvlair.fr\/wp-content\/uploads\/2025\/12\/logo-nouv-l-air_logo-nouv-l-air-luchon_noir-scaled.png","contentUrl":"http:\/\/nouvlair.fr\/wp-content\/uploads\/2025\/12\/logo-nouv-l-air_logo-nouv-l-air-luchon_noir-scaled.png","width":2560,"height":674,"caption":"Nouv'l'air"},"image":{"@id":"https:\/\/nouvlair.fr\/#\/schema\/logo\/image\/"},"sameAs":["https:\/\/www.facebook.com\/groups\/1089474547743317?locale=fr_FR","https:\/\/www.instagram.com\/pyrenees_air_tour\/"]}]}},"_links":{"self":[{"href":"https:\/\/nouvlair.fr\/index.php\/wp-json\/wp\/v2\/pages\/213","targetHints":{"allow":["GET"]}}],"collection":[{"href":"https:\/\/nouvlair.fr\/index.php\/wp-json\/wp\/v2\/pages"}],"about":[{"href":"https:\/\/nouvlair.fr\/index.php\/wp-json\/wp\/v2\/types\/page"}],"author":[{"embeddable":true,"href":"https:\/\/nouvlair.fr\/index.php\/wp-json\/wp\/v2\/users\/2"}],"replies":[{"embeddable":true,"href":"https:\/\/nouvlair.fr\/index.php\/wp-json\/wp\/v2\/comments?post=213"}],"version-history":[{"count":2,"href":"https:\/\/nouvlair.fr\/index.php\/wp-json\/wp\/v2\/pages\/213\/revisions"}],"predecessor-version":[{"id":263,"href":"https:\/\/nouvlair.fr\/index.php\/wp-json\/wp\/v2\/pages\/213\/revisions\/263"}],"wp:attachment":[{"href":"https:\/\/nouvlair.fr\/index.php\/wp-json\/wp\/v2\/media?parent=213"}],"curies":[{"name":"wp","href":"https:\/\/api.w.org\/{rel}","templated":true}]}}