{"id":215,"date":"2026-02-28T07:57:40","date_gmt":"2026-02-28T07:57:40","guid":{"rendered":"https:\/\/nouvlair.fr\/?page_id=215"},"modified":"2026-02-28T09:30:17","modified_gmt":"2026-02-28T09:30:17","slug":"vol-rando","status":"publish","type":"page","link":"https:\/\/nouvlair.fr\/index.php\/vol-rando\/","title":{"rendered":"Vol rando"},"content":{"rendered":"\n<figure class=\"wp-block-image aligncenter\"><img decoding=\"async\" src=\"http:\/\/luchonvollibre.net\/wp-content\/uploads\/2019\/05\/IMG_0741.jpg\" alt=\"\" class=\"wp-image-351\"\/><\/figure>\n\n\n\n<ul class=\"wp-block-list\"><\/ul>\n\n\n\n<p><\/p>\n\n\n\n<ul class=\"wp-block-list\">\n<li>L&rsquo;Antenac<\/li>\n\n\n\n<li>L&rsquo;Home de Pierre<\/li>\n\n\n\n<li>La cabane d&rsquo;Arrouge<\/li>\n\n\n\n<li>La Tusse de Montarque<\/li>\n\n\n\n<li>Labach de Cazeaux<\/li>\n\n\n\n<li>Le Cap de Pales<\/li>\n\n\n\n<li>Le Cecire<\/li>\n\n\n\n<li>Le Montmajou<\/li>\n\n\n\n<li>Le Pas de L&rsquo;Escalette<\/li>\n\n\n\n<li>Le Pic Royo<\/li>\n\n\n\n<li>Le Pic de Sauvegarde<\/li>\n\n\n\n<li>Le Soulit<\/li>\n\n\n\n<li>Le cap des Hittes<\/li>\n<\/ul>\n","protected":false},"excerpt":{"rendered":"","protected":false},"author":2,"featured_media":0,"parent":0,"menu_order":0,"comment_status":"closed","ping_status":"closed","template":"","meta":{"inspiro_hide_title":false,"footnotes":""},"class_list":["post-215","page","type-page","status-publish","hentry"],"yoast_head":"<!-- This site is optimized with the Yoast SEO plugin v26.5 - https:\/\/yoast.com\/wordpress\/plugins\/seo\/ -->\n<title>Vol rando - Nouv&#039;l&#039;air<\/title>\n<meta name=\"robots\" content=\"index, follow, max-snippet:-1, max-image-preview:large, max-video-preview:-1\" \/>\n<link rel=\"canonical\" href=\"https:\/\/nouvlair.fr\/index.php\/vol-rando\/\" \/>\n<meta property=\"og:locale\" content=\"fr_FR\" \/>\n<meta property=\"og:type\" content=\"article\" \/>\n<meta property=\"og:title\" content=\"Vol rando - Nouv&#039;l&#039;air\" \/>\n<meta property=\"og:url\" content=\"https:\/\/nouvlair.fr\/index.php\/vol-rando\/\" \/>\n<meta property=\"og:site_name\" content=\"Nouv&#039;l&#039;air\" \/>\n<meta property=\"article:publisher\" content=\"https:\/\/www.facebook.com\/groups\/1089474547743317?locale=fr_FR\" \/>\n<meta property=\"article:modified_time\" content=\"2026-02-28T09:30:17+00:00\" \/>\n<meta property=\"og:image\" content=\"http:\/\/luchonvollibre.net\/wp-content\/uploads\/2019\/05\/IMG_0741.jpg\" \/>\n<meta name=\"twitter:card\" content=\"summary_large_image\" \/>\n<meta name=\"twitter:label1\" content=\"Dur\u00e9e de lecture estim\u00e9e\" \/>\n\t<meta name=\"twitter:data1\" content=\"1 minute\" \/>\n<script type=\"application\/ld+json\" class=\"yoast-schema-graph\">{\"@context\":\"https:\/\/schema.org\",\"@graph\":[{\"@type\":\"WebPage\",\"@id\":\"https:\/\/nouvlair.fr\/index.php\/vol-rando\/\",\"url\":\"https:\/\/nouvlair.fr\/index.php\/vol-rando\/\",\"name\":\"Vol rando - Nouv&#039;l&#039;air\",\"isPartOf\":{\"@id\":\"https:\/\/nouvlair.fr\/#website\"},\"primaryImageOfPage\":{\"@id\":\"https:\/\/nouvlair.fr\/index.php\/vol-rando\/#primaryimage\"},\"image\":{\"@id\":\"https:\/\/nouvlair.fr\/index.php\/vol-rando\/#primaryimage\"},\"thumbnailUrl\":\"http:\/\/luchonvollibre.net\/wp-content\/uploads\/2019\/05\/IMG_0741.jpg\",\"datePublished\":\"2026-02-28T07:57:40+00:00\",\"dateModified\":\"2026-02-28T09:30:17+00:00\",\"breadcrumb\":{\"@id\":\"https:\/\/nouvlair.fr\/index.php\/vol-rando\/#breadcrumb\"},\"inLanguage\":\"fr-FR\",\"potentialAction\":[{\"@type\":\"ReadAction\",\"target\":[\"https:\/\/nouvlair.fr\/index.php\/vol-rando\/\"]}]},{\"@type\":\"ImageObject\",\"inLanguage\":\"fr-FR\",\"@id\":\"https:\/\/nouvlair.fr\/index.php\/vol-rando\/#primaryimage\",\"url\":\"http:\/\/luchonvollibre.net\/wp-content\/uploads\/2019\/05\/IMG_0741.jpg\",\"contentUrl\":\"http:\/\/luchonvollibre.net\/wp-content\/uploads\/2019\/05\/IMG_0741.jpg\"},{\"@type\":\"BreadcrumbList\",\"@id\":\"https:\/\/nouvlair.fr\/index.php\/vol-rando\/#breadcrumb\",\"itemListElement\":[{\"@type\":\"ListItem\",\"position\":1,\"name\":\"Accueil\",\"item\":\"https:\/\/nouvlair.fr\/\"},{\"@type\":\"ListItem\",\"position\":2,\"name\":\"Vol rando\"}]},{\"@type\":\"WebSite\",\"@id\":\"https:\/\/nouvlair.fr\/#website\",\"url\":\"https:\/\/nouvlair.fr\/\",\"name\":\"Nouvlair Pyr\u00e9n\u00e9es Air Tour\",\"description\":\"D\u00e9clencheur de passion\",\"publisher\":{\"@id\":\"https:\/\/nouvlair.fr\/#organization\"},\"potentialAction\":[{\"@type\":\"SearchAction\",\"target\":{\"@type\":\"EntryPoint\",\"urlTemplate\":\"https:\/\/nouvlair.fr\/?s={search_term_string}\"},\"query-input\":{\"@type\":\"PropertyValueSpecification\",\"valueRequired\":true,\"valueName\":\"search_term_string\"}}],\"inLanguage\":\"fr-FR\"},{\"@type\":\"Organization\",\"@id\":\"https:\/\/nouvlair.fr\/#organization\",\"name\":\"Nouv'l'air\",\"url\":\"https:\/\/nouvlair.fr\/\",\"logo\":{\"@type\":\"ImageObject\",\"inLanguage\":\"fr-FR\",\"@id\":\"https:\/\/nouvlair.fr\/#\/schema\/logo\/image\/\",\"url\":\"http:\/\/nouvlair.fr\/wp-content\/uploads\/2025\/12\/logo-nouv-l-air_logo-nouv-l-air-luchon_noir-scaled.png\",\"contentUrl\":\"http:\/\/nouvlair.fr\/wp-content\/uploads\/2025\/12\/logo-nouv-l-air_logo-nouv-l-air-luchon_noir-scaled.png\",\"width\":2560,\"height\":674,\"caption\":\"Nouv'l'air\"},\"image\":{\"@id\":\"https:\/\/nouvlair.fr\/#\/schema\/logo\/image\/\"},\"sameAs\":[\"https:\/\/www.facebook.com\/groups\/1089474547743317?locale=fr_FR\",\"https:\/\/www.instagram.com\/pyrenees_air_tour\/\"]}]}<\/script>\n<!-- \/ Yoast SEO plugin. -->","yoast_head_json":{"title":"Vol rando - Nouv&#039;l&#039;air","robots":{"index":"index","follow":"follow","max-snippet":"max-snippet:-1","max-image-preview":"max-image-preview:large","max-video-preview":"max-video-preview:-1"},"canonical":"https:\/\/nouvlair.fr\/index.php\/vol-rando\/","og_locale":"fr_FR","og_type":"article","og_title":"Vol rando - Nouv&#039;l&#039;air","og_url":"https:\/\/nouvlair.fr\/index.php\/vol-rando\/","og_site_name":"Nouv&#039;l&#039;air","article_publisher":"https:\/\/www.facebook.com\/groups\/1089474547743317?locale=fr_FR","article_modified_time":"2026-02-28T09:30:17+00:00","og_image":[{"url":"http:\/\/luchonvollibre.net\/wp-content\/uploads\/2019\/05\/IMG_0741.jpg","type":"","width":"","height":""}],"twitter_card":"summary_large_image","twitter_misc":{"Dur\u00e9e de lecture estim\u00e9e":"1 minute"},"schema":{"@context":"https:\/\/schema.org","@graph":[{"@type":"WebPage","@id":"https:\/\/nouvlair.fr\/index.php\/vol-rando\/","url":"https:\/\/nouvlair.fr\/index.php\/vol-rando\/","name":"Vol rando - Nouv&#039;l&#039;air","isPartOf":{"@id":"https:\/\/nouvlair.fr\/#website"},"primaryImageOfPage":{"@id":"https:\/\/nouvlair.fr\/index.php\/vol-rando\/#primaryimage"},"image":{"@id":"https:\/\/nouvlair.fr\/index.php\/vol-rando\/#primaryimage"},"thumbnailUrl":"http:\/\/luchonvollibre.net\/wp-content\/uploads\/2019\/05\/IMG_0741.jpg","datePublished":"2026-02-28T07:57:40+00:00","dateModified":"2026-02-28T09:30:17+00:00","breadcrumb":{"@id":"https:\/\/nouvlair.fr\/index.php\/vol-rando\/#breadcrumb"},"inLanguage":"fr-FR","potentialAction":[{"@type":"ReadAction","target":["https:\/\/nouvlair.fr\/index.php\/vol-rando\/"]}]},{"@type":"ImageObject","inLanguage":"fr-FR","@id":"https:\/\/nouvlair.fr\/index.php\/vol-rando\/#primaryimage","url":"http:\/\/luchonvollibre.net\/wp-content\/uploads\/2019\/05\/IMG_0741.jpg","contentUrl":"http:\/\/luchonvollibre.net\/wp-content\/uploads\/2019\/05\/IMG_0741.jpg"},{"@type":"BreadcrumbList","@id":"https:\/\/nouvlair.fr\/index.php\/vol-rando\/#breadcrumb","itemListElement":[{"@type":"ListItem","position":1,"name":"Accueil","item":"https:\/\/nouvlair.fr\/"},{"@type":"ListItem","position":2,"name":"Vol rando"}]},{"@type":"WebSite","@id":"https:\/\/nouvlair.fr\/#website","url":"https:\/\/nouvlair.fr\/","name":"Nouvlair Pyr\u00e9n\u00e9es Air Tour","description":"D\u00e9clencheur de passion","publisher":{"@id":"https:\/\/nouvlair.fr\/#organization"},"potentialAction":[{"@type":"SearchAction","target":{"@type":"EntryPoint","urlTemplate":"https:\/\/nouvlair.fr\/?s={search_term_string}"},"query-input":{"@type":"PropertyValueSpecification","valueRequired":true,"valueName":"search_term_string"}}],"inLanguage":"fr-FR"},{"@type":"Organization","@id":"https:\/\/nouvlair.fr\/#organization","name":"Nouv'l'air","url":"https:\/\/nouvlair.fr\/","logo":{"@type":"ImageObject","inLanguage":"fr-FR","@id":"https:\/\/nouvlair.fr\/#\/schema\/logo\/image\/","url":"http:\/\/nouvlair.fr\/wp-content\/uploads\/2025\/12\/logo-nouv-l-air_logo-nouv-l-air-luchon_noir-scaled.png","contentUrl":"http:\/\/nouvlair.fr\/wp-content\/uploads\/2025\/12\/logo-nouv-l-air_logo-nouv-l-air-luchon_noir-scaled.png","width":2560,"height":674,"caption":"Nouv'l'air"},"image":{"@id":"https:\/\/nouvlair.fr\/#\/schema\/logo\/image\/"},"sameAs":["https:\/\/www.facebook.com\/groups\/1089474547743317?locale=fr_FR","https:\/\/www.instagram.com\/pyrenees_air_tour\/"]}]}},"_links":{"self":[{"href":"https:\/\/nouvlair.fr\/index.php\/wp-json\/wp\/v2\/pages\/215","targetHints":{"allow":["GET"]}}],"collection":[{"href":"https:\/\/nouvlair.fr\/index.php\/wp-json\/wp\/v2\/pages"}],"about":[{"href":"https:\/\/nouvlair.fr\/index.php\/wp-json\/wp\/v2\/types\/page"}],"author":[{"embeddable":true,"href":"https:\/\/nouvlair.fr\/index.php\/wp-json\/wp\/v2\/users\/2"}],"replies":[{"embeddable":true,"href":"https:\/\/nouvlair.fr\/index.php\/wp-json\/wp\/v2\/comments?post=215"}],"version-history":[{"count":2,"href":"https:\/\/nouvlair.fr\/index.php\/wp-json\/wp\/v2\/pages\/215\/revisions"}],"predecessor-version":[{"id":265,"href":"https:\/\/nouvlair.fr\/index.php\/wp-json\/wp\/v2\/pages\/215\/revisions\/265"}],"wp:attachment":[{"href":"https:\/\/nouvlair.fr\/index.php\/wp-json\/wp\/v2\/media?parent=215"}],"curies":[{"name":"wp","href":"https:\/\/api.w.org\/{rel}","templated":true}]}}