{"id":230,"date":"2026-02-28T08:08:09","date_gmt":"2026-02-28T08:08:09","guid":{"rendered":"https:\/\/nouvlair.fr\/?page_id=230"},"modified":"2026-03-03T17:43:32","modified_gmt":"2026-03-03T17:43:32","slug":"pyrenees-air-tour","status":"publish","type":"page","link":"https:\/\/nouvlair.fr\/index.php\/pyrenees-air-tour\/","title":{"rendered":"Pyrenees Air Tour"},"content":{"rendered":"\n<div class=\"wp-block-group alignfull has-accent-background-color has-background has-global-padding is-layout-constrained wp-container-core-group-is-layout-9c15f653 wp-block-group-is-layout-constrained\" style=\"margin-top:0;margin-bottom:0;padding-top:var(--wp--preset--spacing--10);padding-right:var(--wp--preset--spacing--40);padding-bottom:var(--wp--preset--spacing--10);padding-left:var(--wp--preset--spacing--40);background-image:url(&apos;http:\/\/nouvlair.fr\/wp-content\/uploads\/2025\/08\/acceui-vers-laneto-redimm.jpg&apos;);background-position:88% 20%;background-size:cover;background-attachment:fixed;\">\n<div class=\"wp-block-group alignfull has-global-padding is-layout-constrained wp-container-core-group-is-layout-0b40682b wp-block-group-is-layout-constrained\">\n<div class=\"wp-block-columns alignfull is-layout-flex wp-container-core-columns-is-layout-28f84493 wp-block-columns-is-layout-flex\">\n<div class=\"wp-block-column is-vertically-aligned-center is-layout-flow wp-block-column-is-layout-flow\" style=\"flex-basis:100%\">\n<p class=\"has-text-align-center has-text-color has-link-color has-urbanist-font-family wp-elements-443a6df11cba656ce6308b22ecc320b6\" style=\"border-style:none;border-width:0px;color:#f7dcc3;font-size:clamp(2.021rem, 2.021rem + ((1vw - 0.2rem) * 1.858), 3.6rem);font-style:normal;font-weight:700;text-transform:uppercase\"><strong>Course de marche et vol dans les Pyr\u00e9n\u00e9es centrales avec nuits en refuge<\/strong><\/p>\n<\/div>\n<\/div>\n<\/div>\n\n\n\n<div class=\"wp-block-columns alignwide is-layout-flex wp-container-core-columns-is-layout-1da03c2a wp-block-columns-is-layout-flex\">\n<div class=\"wp-block-column is-vertically-aligned-stretch is-layout-flow wp-block-column-is-layout-flow\" style=\"flex-basis:30%\">\n<div class=\"wp-block-group is-vertical is-content-justification-left is-layout-flex wp-container-core-group-is-layout-b21d21b4 wp-block-group-is-layout-flex\" style=\"min-height:100%\">\n<p class=\"has-text-align-left has-base-2-color has-text-color has-link-color has-urbanist-font-family wp-elements-84c7c773412cc673736f66c8495420dc\" style=\"font-size:clamp(2.111rem, 2.111rem + ((1vw - 0.2rem) * 1.987), 3.8rem);line-height:1.2\"><strong><mark style=\"background-color:rgba(0, 0, 0, 0)\" class=\"has-inline-color has-white-color\"><br>Du 24 au 26 septembre 2026<\/mark><\/strong><\/p>\n<\/div>\n<\/div>\n\n\n\n<div class=\"wp-block-column is-layout-flow wp-block-column-is-layout-flow\" style=\"flex-basis:33.33%\">\n<figure class=\"wp-block-image aligncenter size-large is-resized has-custom-border is-style-rounded wp-duotone-varpresetduotoneduotone-2-1\"><img loading=\"lazy\" decoding=\"async\" width=\"615\" height=\"1109\" src=\"http:\/\/nouvlair.fr\/wp-content\/uploads\/2025\/08\/logo-pat.png?w=568\" alt=\"\" class=\"wp-image-98\" style=\"border-style:none;border-width:0px;aspect-ratio:0.554688824502731;width:297px;height:auto\" srcset=\"https:\/\/nouvlair.fr\/wp-content\/uploads\/2025\/08\/logo-pat.png 615w, https:\/\/nouvlair.fr\/wp-content\/uploads\/2025\/08\/logo-pat-166x300.png 166w, https:\/\/nouvlair.fr\/wp-content\/uploads\/2025\/08\/logo-pat-568x1024.png 568w\" sizes=\"auto, (max-width: 615px) 100vw, 615px\" \/><\/figure>\n<\/div>\n\n\n\n<div class=\"wp-block-column is-vertically-aligned-center is-layout-flow wp-block-column-is-layout-flow\" style=\"flex-basis:30%\">\n<div style=\"height:0px\" aria-hidden=\"true\" class=\"wp-block-spacer\"><\/div>\n\n\n\n<div class=\"wp-block-buttons is-content-justification-center is-layout-flex wp-container-core-buttons-is-layout-f39dcc8e wp-block-buttons-is-layout-flex\">\n<div class=\"wp-block-button has-custom-width wp-block-button__width-100 is-style-fill\"><a class=\"wp-block-button__link has-background has-border-color has-urbanist-font-family has-custom-font-size wp-element-button\" href=\"https:\/\/pyreneesairtour.wordpress.com\/editions-precedentes\/\" style=\"border-color:#ffffff;border-width:4px;border-radius:13px;background-color:#00000047;padding-top:var(--wp--preset--spacing--10);padding-right:var(--wp--preset--spacing--10);padding-bottom:var(--wp--preset--spacing--10);padding-left:var(--wp--preset--spacing--10);font-size:clamp(0.984rem, 0.984rem + ((1vw - 0.2rem) * 0.607), 1.5rem);\">R\u00e9sultats 2025<\/a><\/div>\n\n\n\n<div class=\"wp-block-button has-custom-width wp-block-button__width-100 is-style-fill\"><a class=\"wp-block-button__link has-background has-border-color has-urbanist-font-family has-custom-font-size wp-element-button\" href=\"https:\/\/parapente.ffvl.fr\/compet\/4754\" style=\"border-color:#ffffff;border-width:4px;border-radius:13px;background-color:#00000047;padding-top:var(--wp--preset--spacing--10);padding-right:var(--wp--preset--spacing--10);padding-bottom:var(--wp--preset--spacing--10);padding-left:var(--wp--preset--spacing--10);font-size:clamp(0.984rem, 0.984rem + ((1vw - 0.2rem) * 0.607), 1.5rem);\" target=\"_blank\" rel=\"noreferrer noopener\">\u00c9v\u00e8nement site FFVL<\/a><\/div>\n<\/div>\n<\/div>\n<\/div>\n<\/div>\n\n\n\n<div class=\"wp-block-group alignfull has-base-background-color has-background has-global-padding is-layout-constrained wp-container-core-group-is-layout-d89aad35 wp-block-group-is-layout-constrained\" style=\"margin-top:0;margin-bottom:0;padding-top:var(--wp--preset--spacing--50);padding-right:var(--wp--preset--spacing--50);padding-bottom:var(--wp--preset--spacing--50);padding-left:var(--wp--preset--spacing--50)\">\n<div class=\"wp-block-columns alignwide is-layout-flex wp-container-core-columns-is-layout-549b0c86 wp-block-columns-is-layout-flex\">\n<div class=\"wp-block-column is-layout-flow wp-block-column-is-layout-flow\" style=\"flex-basis:20%\">\n<p class=\"has-urbanist-font-family\" style=\"font-size:clamp(1.352rem, 1.352rem + ((1vw - 0.2rem) * 0.998), 2.2rem);\"><strong>Principe de la course<\/strong><\/p>\n\n\n\n<figure class=\"wp-block-image size-medium is-resized has-custom-border\"><img decoding=\"async\" src=\"http:\/\/nouvlair.fr\/wp-content\/uploads\/2025\/08\/20220528150337_img_5976-01.jpg?w=200\" alt=\"\" class=\"wp-image-54\" style=\"border-radius:24px;width:206px;height:auto\"\/><figcaption class=\"wp-element-caption\">Photo Thibaut VARGAS<\/figcaption><\/figure>\n<\/div>\n\n\n\n<div class=\"wp-block-column is-layout-flow wp-container-core-column-is-layout-119bc444 wp-block-column-is-layout-flow\" style=\"flex-basis:80%\">\n<p class=\"has-urbanist-font-family\" style=\"font-size:clamp(0.984rem, 0.984rem + ((1vw - 0.2rem) * 0.607), 1.5rem);line-height:1.9\">Le Pyr\u00e9n\u00e9es Air Tour c\u2019est trois jours de marche et vol en parapente sans assistance, autour de la partie centrale des Pyr\u00e9n\u00e9es. Durant la course, les pilotes n\u2019auront le droit que de marcher en portant leur mat\u00e9riel ou de voler. De nombreuses balises optionnelles (lacs, sommets, autres refuges\u2026) et de diff\u00e9rentes valeurs permettent de cumuler des points suppl\u00e9mentaires. Chaque soir, les concurrents devront avoir atteint un des refuges pour y d\u00eener et y passer la nuit. Les pilotes ainsi regroup\u00e9s profiteront des soir\u00e9es pour partager leurs exp\u00e9riences et \u00e9changer sur les strat\u00e9gies possibles pour le lendemain. Le retour au but devra se faire au plus tard le samedi en fin d&rsquo;apr\u00e8s-midi.<\/p>\n<\/div>\n<\/div>\n<\/div>\n\n\n\n<div class=\"wp-block-group alignfull has-accent-5-background-color has-background has-global-padding is-layout-constrained wp-container-core-group-is-layout-d89aad35 wp-block-group-is-layout-constrained\" style=\"margin-top:0;margin-bottom:0;padding-top:var(--wp--preset--spacing--50);padding-right:var(--wp--preset--spacing--50);padding-bottom:var(--wp--preset--spacing--50);padding-left:var(--wp--preset--spacing--50)\">\n<h2 class=\"wp-block-heading has-urbanist-font-family\">Actualit\u00e9s<\/h2>\n\n\n\n<div class=\"wp-block-columns alignwide is-layout-flex wp-container-core-columns-is-layout-1da03c2a wp-block-columns-is-layout-flex\">\n<div class=\"wp-block-column is-vertically-aligned-stretch is-layout-flow wp-block-column-is-layout-flow\" style=\"flex-basis:60%\">\n<p><\/p>\n\n\n\n<p><\/p>\n\n\n\n<p class=\"has-urbanist-font-family\" style=\"font-size:clamp(0.984rem, 0.984rem + ((1vw - 0.2rem) * 0.607), 1.5rem);\"><strong>01\/10\/2025 :<\/strong> L&rsquo;\u00e9dition 2025 s&rsquo;est tr\u00e8s bien d\u00e9roul\u00e9e, sans incidents et avec des pilotes ravis : un peu de repos pour l&rsquo;orga et on remet \u00e7a l&rsquo;an prochain !<\/p>\n\n\n\n<p><\/p>\n\n\n\n<p class=\"has-urbanist-font-family\" style=\"font-size:clamp(0.984rem, 0.984rem + ((1vw - 0.2rem) * 0.607), 1.5rem);\"><strong>19\/09\/2025 :<\/strong> Le cr\u00e9neau m\u00e9t\u00e9o se confirme, inscriptions possibles jusqu&rsquo;\u00e0 dimanche soir (le 21\/09\/) <\/p>\n\n\n\n<p class=\"has-urbanist-font-family\" style=\"font-size:clamp(0.984rem, 0.984rem + ((1vw - 0.2rem) * 0.607), 1.5rem);\"><strong>08\/2025 :<\/strong> Le paiement via Hello Asso ne fonctionnant plus, merci de nous contacter pour payer en direct par virement &#8211; un mail a \u00e9t\u00e9 envoy\u00e9 \u00e0 tous les concurrents d\u00e9j\u00e0 inscrits ! <\/p>\n\n\n\n<p><\/p>\n\n\n\n<p class=\"has-urbanist-font-family\" style=\"font-size:clamp(0.984rem, 0.984rem + ((1vw - 0.2rem) * 0.607), 1.5rem);\"><strong>08\/2025 <\/strong>: De nouveaux partenaires nous suivent pour vous faire gagner des lots : des places aux <strong>Thermes de Luchon<\/strong>, des descentes en raft avec <strong>H2O vives<\/strong>, des paniers garnis avec le magasin bio <strong>Bio Des Lys<\/strong> \u00e0 Luchon, et <strong>Soaring <\/strong>nous accompagne sur cette \u00e9dition une fois de plus !<\/p>\n<\/div>\n\n\n\n<div class=\"wp-block-column is-layout-flow wp-block-column-is-layout-flow\" style=\"flex-basis:40%\">\n<figure class=\"wp-block-embed is-type-rich is-provider-instagram wp-block-embed-instagram\" style=\"margin-top:0;margin-right:0;margin-bottom:0;margin-left:0\"><div class=\"wp-block-embed__wrapper\">\nhttps:\/\/www.instagram.com\/pyrenees_air_tour\/p\/DN1HJ6yWtr5\n<\/div><\/figure>\n<\/div>\n<\/div>\n<\/div>\n\n\n\n<p class=\"has-accent-background-color has-background\" style=\"margin-top:0;margin-bottom:0;padding-top:var(--wp--preset--spacing--10);padding-right:var(--wp--preset--spacing--40);padding-bottom:var(--wp--preset--spacing--10);padding-left:var(--wp--preset--spacing--40)\"><\/p>\n","protected":false},"excerpt":{"rendered":"<p>Course de marche et vol dans les Pyr\u00e9n\u00e9es centrales avec nuits en refuge Du 24 au 26 septembre 2026 Principe de la course Le Pyr\u00e9n\u00e9es Air Tour c\u2019est trois jours de marche et vol en parapente sans assistance, autour de la partie centrale des Pyr\u00e9n\u00e9es. Durant la course, les pilotes n\u2019auront le droit que de &hellip; <\/p>\n<p class=\"link-more\"><a href=\"https:\/\/nouvlair.fr\/index.php\/pyrenees-air-tour\/\" class=\"more-link\">Lire la suite de<span class=\"screen-reader-text\">\u00ab\u00a0Pyrenees Air Tour\u00a0\u00bb<\/span><\/a><\/p>\n","protected":false},"author":2,"featured_media":0,"parent":0,"menu_order":0,"comment_status":"closed","ping_status":"closed","template":"","meta":{"inspiro_hide_title":false,"footnotes":""},"class_list":["post-230","page","type-page","status-publish","hentry"],"yoast_head":"<!-- This site is optimized with the Yoast SEO plugin v26.5 - https:\/\/yoast.com\/wordpress\/plugins\/seo\/ -->\n<title>Pyrenees Air Tour - Nouv&#039;l&#039;air<\/title>\n<meta name=\"robots\" content=\"index, follow, max-snippet:-1, max-image-preview:large, max-video-preview:-1\" \/>\n<link rel=\"canonical\" href=\"https:\/\/nouvlair.fr\/index.php\/pyrenees-air-tour\/\" \/>\n<meta property=\"og:locale\" content=\"fr_FR\" \/>\n<meta property=\"og:type\" content=\"article\" \/>\n<meta property=\"og:title\" content=\"Pyrenees Air Tour - Nouv&#039;l&#039;air\" \/>\n<meta property=\"og:description\" content=\"Course de marche et vol dans les Pyr\u00e9n\u00e9es centrales avec nuits en refuge Du 24 au 26 septembre 2026 Principe de la course Le Pyr\u00e9n\u00e9es Air Tour c\u2019est trois jours de marche et vol en parapente sans assistance, autour de la partie centrale des Pyr\u00e9n\u00e9es. Durant la course, les pilotes n\u2019auront le droit que de &hellip; Lire la suite de\u00ab\u00a0Pyrenees Air Tour\u00a0\u00bb\" \/>\n<meta property=\"og:url\" content=\"https:\/\/nouvlair.fr\/index.php\/pyrenees-air-tour\/\" \/>\n<meta property=\"og:site_name\" content=\"Nouv&#039;l&#039;air\" \/>\n<meta property=\"article:publisher\" content=\"https:\/\/www.facebook.com\/groups\/1089474547743317?locale=fr_FR\" \/>\n<meta property=\"article:modified_time\" content=\"2026-03-03T17:43:32+00:00\" \/>\n<meta property=\"og:image\" content=\"http:\/\/nouvlair.fr\/wp-content\/uploads\/2025\/08\/logo-pat.png?w=568\" \/>\n<meta name=\"twitter:card\" content=\"summary_large_image\" \/>\n<meta name=\"twitter:label1\" content=\"Dur\u00e9e de lecture estim\u00e9e\" \/>\n\t<meta name=\"twitter:data1\" content=\"2 minutes\" \/>\n<script type=\"application\/ld+json\" class=\"yoast-schema-graph\">{\"@context\":\"https:\/\/schema.org\",\"@graph\":[{\"@type\":\"WebPage\",\"@id\":\"https:\/\/nouvlair.fr\/index.php\/pyrenees-air-tour\/\",\"url\":\"https:\/\/nouvlair.fr\/index.php\/pyrenees-air-tour\/\",\"name\":\"Pyrenees Air Tour - Nouv&#039;l&#039;air\",\"isPartOf\":{\"@id\":\"https:\/\/nouvlair.fr\/#website\"},\"primaryImageOfPage\":{\"@id\":\"https:\/\/nouvlair.fr\/index.php\/pyrenees-air-tour\/#primaryimage\"},\"image\":{\"@id\":\"https:\/\/nouvlair.fr\/index.php\/pyrenees-air-tour\/#primaryimage\"},\"thumbnailUrl\":\"http:\/\/nouvlair.fr\/wp-content\/uploads\/2025\/08\/logo-pat.png?w=568\",\"datePublished\":\"2026-02-28T08:08:09+00:00\",\"dateModified\":\"2026-03-03T17:43:32+00:00\",\"breadcrumb\":{\"@id\":\"https:\/\/nouvlair.fr\/index.php\/pyrenees-air-tour\/#breadcrumb\"},\"inLanguage\":\"fr-FR\",\"potentialAction\":[{\"@type\":\"ReadAction\",\"target\":[\"https:\/\/nouvlair.fr\/index.php\/pyrenees-air-tour\/\"]}]},{\"@type\":\"ImageObject\",\"inLanguage\":\"fr-FR\",\"@id\":\"https:\/\/nouvlair.fr\/index.php\/pyrenees-air-tour\/#primaryimage\",\"url\":\"https:\/\/nouvlair.fr\/wp-content\/uploads\/2025\/08\/logo-pat.png\",\"contentUrl\":\"https:\/\/nouvlair.fr\/wp-content\/uploads\/2025\/08\/logo-pat.png\",\"width\":615,\"height\":1109},{\"@type\":\"BreadcrumbList\",\"@id\":\"https:\/\/nouvlair.fr\/index.php\/pyrenees-air-tour\/#breadcrumb\",\"itemListElement\":[{\"@type\":\"ListItem\",\"position\":1,\"name\":\"Accueil\",\"item\":\"https:\/\/nouvlair.fr\/\"},{\"@type\":\"ListItem\",\"position\":2,\"name\":\"Pyrenees Air Tour\"}]},{\"@type\":\"WebSite\",\"@id\":\"https:\/\/nouvlair.fr\/#website\",\"url\":\"https:\/\/nouvlair.fr\/\",\"name\":\"Nouvlair Pyr\u00e9n\u00e9es Air Tour\",\"description\":\"D\u00e9clencheur de passion\",\"publisher\":{\"@id\":\"https:\/\/nouvlair.fr\/#organization\"},\"potentialAction\":[{\"@type\":\"SearchAction\",\"target\":{\"@type\":\"EntryPoint\",\"urlTemplate\":\"https:\/\/nouvlair.fr\/?s={search_term_string}\"},\"query-input\":{\"@type\":\"PropertyValueSpecification\",\"valueRequired\":true,\"valueName\":\"search_term_string\"}}],\"inLanguage\":\"fr-FR\"},{\"@type\":\"Organization\",\"@id\":\"https:\/\/nouvlair.fr\/#organization\",\"name\":\"Nouv'l'air\",\"url\":\"https:\/\/nouvlair.fr\/\",\"logo\":{\"@type\":\"ImageObject\",\"inLanguage\":\"fr-FR\",\"@id\":\"https:\/\/nouvlair.fr\/#\/schema\/logo\/image\/\",\"url\":\"http:\/\/nouvlair.fr\/wp-content\/uploads\/2025\/12\/logo-nouv-l-air_logo-nouv-l-air-luchon_noir-scaled.png\",\"contentUrl\":\"http:\/\/nouvlair.fr\/wp-content\/uploads\/2025\/12\/logo-nouv-l-air_logo-nouv-l-air-luchon_noir-scaled.png\",\"width\":2560,\"height\":674,\"caption\":\"Nouv'l'air\"},\"image\":{\"@id\":\"https:\/\/nouvlair.fr\/#\/schema\/logo\/image\/\"},\"sameAs\":[\"https:\/\/www.facebook.com\/groups\/1089474547743317?locale=fr_FR\",\"https:\/\/www.instagram.com\/pyrenees_air_tour\/\"]}]}<\/script>\n<!-- \/ Yoast SEO plugin. -->","yoast_head_json":{"title":"Pyrenees Air Tour - Nouv&#039;l&#039;air","robots":{"index":"index","follow":"follow","max-snippet":"max-snippet:-1","max-image-preview":"max-image-preview:large","max-video-preview":"max-video-preview:-1"},"canonical":"https:\/\/nouvlair.fr\/index.php\/pyrenees-air-tour\/","og_locale":"fr_FR","og_type":"article","og_title":"Pyrenees Air Tour - Nouv&#039;l&#039;air","og_description":"Course de marche et vol dans les Pyr\u00e9n\u00e9es centrales avec nuits en refuge Du 24 au 26 septembre 2026 Principe de la course Le Pyr\u00e9n\u00e9es Air Tour c\u2019est trois jours de marche et vol en parapente sans assistance, autour de la partie centrale des Pyr\u00e9n\u00e9es. Durant la course, les pilotes n\u2019auront le droit que de &hellip; Lire la suite de\u00ab\u00a0Pyrenees Air Tour\u00a0\u00bb","og_url":"https:\/\/nouvlair.fr\/index.php\/pyrenees-air-tour\/","og_site_name":"Nouv&#039;l&#039;air","article_publisher":"https:\/\/www.facebook.com\/groups\/1089474547743317?locale=fr_FR","article_modified_time":"2026-03-03T17:43:32+00:00","og_image":[{"url":"http:\/\/nouvlair.fr\/wp-content\/uploads\/2025\/08\/logo-pat.png?w=568","type":"","width":"","height":""}],"twitter_card":"summary_large_image","twitter_misc":{"Dur\u00e9e de lecture estim\u00e9e":"2 minutes"},"schema":{"@context":"https:\/\/schema.org","@graph":[{"@type":"WebPage","@id":"https:\/\/nouvlair.fr\/index.php\/pyrenees-air-tour\/","url":"https:\/\/nouvlair.fr\/index.php\/pyrenees-air-tour\/","name":"Pyrenees Air Tour - Nouv&#039;l&#039;air","isPartOf":{"@id":"https:\/\/nouvlair.fr\/#website"},"primaryImageOfPage":{"@id":"https:\/\/nouvlair.fr\/index.php\/pyrenees-air-tour\/#primaryimage"},"image":{"@id":"https:\/\/nouvlair.fr\/index.php\/pyrenees-air-tour\/#primaryimage"},"thumbnailUrl":"http:\/\/nouvlair.fr\/wp-content\/uploads\/2025\/08\/logo-pat.png?w=568","datePublished":"2026-02-28T08:08:09+00:00","dateModified":"2026-03-03T17:43:32+00:00","breadcrumb":{"@id":"https:\/\/nouvlair.fr\/index.php\/pyrenees-air-tour\/#breadcrumb"},"inLanguage":"fr-FR","potentialAction":[{"@type":"ReadAction","target":["https:\/\/nouvlair.fr\/index.php\/pyrenees-air-tour\/"]}]},{"@type":"ImageObject","inLanguage":"fr-FR","@id":"https:\/\/nouvlair.fr\/index.php\/pyrenees-air-tour\/#primaryimage","url":"https:\/\/nouvlair.fr\/wp-content\/uploads\/2025\/08\/logo-pat.png","contentUrl":"https:\/\/nouvlair.fr\/wp-content\/uploads\/2025\/08\/logo-pat.png","width":615,"height":1109},{"@type":"BreadcrumbList","@id":"https:\/\/nouvlair.fr\/index.php\/pyrenees-air-tour\/#breadcrumb","itemListElement":[{"@type":"ListItem","position":1,"name":"Accueil","item":"https:\/\/nouvlair.fr\/"},{"@type":"ListItem","position":2,"name":"Pyrenees Air Tour"}]},{"@type":"WebSite","@id":"https:\/\/nouvlair.fr\/#website","url":"https:\/\/nouvlair.fr\/","name":"Nouvlair Pyr\u00e9n\u00e9es Air Tour","description":"D\u00e9clencheur de passion","publisher":{"@id":"https:\/\/nouvlair.fr\/#organization"},"potentialAction":[{"@type":"SearchAction","target":{"@type":"EntryPoint","urlTemplate":"https:\/\/nouvlair.fr\/?s={search_term_string}"},"query-input":{"@type":"PropertyValueSpecification","valueRequired":true,"valueName":"search_term_string"}}],"inLanguage":"fr-FR"},{"@type":"Organization","@id":"https:\/\/nouvlair.fr\/#organization","name":"Nouv'l'air","url":"https:\/\/nouvlair.fr\/","logo":{"@type":"ImageObject","inLanguage":"fr-FR","@id":"https:\/\/nouvlair.fr\/#\/schema\/logo\/image\/","url":"http:\/\/nouvlair.fr\/wp-content\/uploads\/2025\/12\/logo-nouv-l-air_logo-nouv-l-air-luchon_noir-scaled.png","contentUrl":"http:\/\/nouvlair.fr\/wp-content\/uploads\/2025\/12\/logo-nouv-l-air_logo-nouv-l-air-luchon_noir-scaled.png","width":2560,"height":674,"caption":"Nouv'l'air"},"image":{"@id":"https:\/\/nouvlair.fr\/#\/schema\/logo\/image\/"},"sameAs":["https:\/\/www.facebook.com\/groups\/1089474547743317?locale=fr_FR","https:\/\/www.instagram.com\/pyrenees_air_tour\/"]}]}},"_links":{"self":[{"href":"https:\/\/nouvlair.fr\/index.php\/wp-json\/wp\/v2\/pages\/230","targetHints":{"allow":["GET"]}}],"collection":[{"href":"https:\/\/nouvlair.fr\/index.php\/wp-json\/wp\/v2\/pages"}],"about":[{"href":"https:\/\/nouvlair.fr\/index.php\/wp-json\/wp\/v2\/types\/page"}],"author":[{"embeddable":true,"href":"https:\/\/nouvlair.fr\/index.php\/wp-json\/wp\/v2\/users\/2"}],"replies":[{"embeddable":true,"href":"https:\/\/nouvlair.fr\/index.php\/wp-json\/wp\/v2\/comments?post=230"}],"version-history":[{"count":5,"href":"https:\/\/nouvlair.fr\/index.php\/wp-json\/wp\/v2\/pages\/230\/revisions"}],"predecessor-version":[{"id":268,"href":"https:\/\/nouvlair.fr\/index.php\/wp-json\/wp\/v2\/pages\/230\/revisions\/268"}],"wp:attachment":[{"href":"https:\/\/nouvlair.fr\/index.php\/wp-json\/wp\/v2\/media?parent=230"}],"curies":[{"name":"wp","href":"https:\/\/api.w.org\/{rel}","templated":true}]}}