{"id":90,"date":"2025-08-31T17:12:16","date_gmt":"2025-08-31T15:12:16","guid":{"rendered":"https:\/\/pyreneesairtour.wordpress.com\/?page_id=90"},"modified":"2025-08-31T17:12:16","modified_gmt":"2025-08-31T15:12:16","slug":"contact-mentions-legales","status":"publish","type":"page","link":"https:\/\/nouvlair.fr\/index.php\/contact-mentions-legales\/","title":{"rendered":"Contact &#8211; mentions l\u00e9gales"},"content":{"rendered":"\n<div class=\"wp-block-group alignfull has-global-padding is-content-justification-center is-layout-constrained wp-block-group-is-layout-constrained\" style=\"margin-top:0;margin-bottom:0;padding-top:var(--wp--preset--spacing--40);padding-bottom:var(--wp--preset--spacing--40)\">\n<div class=\"wp-block-columns alignwide is-layout-flex wp-container-core-columns-is-layout-28f84493 wp-block-columns-is-layout-flex\">\n<div class=\"wp-block-column is-vertically-aligned-center is-layout-flow wp-block-column-is-layout-flow\">\n<h2 class=\"wp-block-heading has-urbanist-font-family has-x-large-font-size\">Contact<\/h2>\n\n\n\n<p class=\"is-contact-description has-urbanist-font-family\">Pour toute question sur le Pyr\u00e9n\u00e9es Air Tour, vous pouvez nous contacter sur Instagram en direct ou bien utiliser le formulaire ci-dessous :<\/p>\n\n\n\n<div class=\"wp-block-jetpack-contact-form is-style-default has-primary-color has-text-color has-link-color wp-elements-827fa4faa5beae7cf31847e8dd77cba5\">\n<div>\n\n<\/div>\n\n\n\n<div>\n\n<\/div>\n\n\n\n<div>\n\n<\/div>\n\n\n<\/div>\n<\/div>\n\n\n\n<div class=\"wp-block-column is-layout-flow wp-block-column-is-layout-flow\">\n<figure class=\"wp-block-image alignright size-large has-custom-border wp-duotone-unset-1\"><img loading=\"lazy\" decoding=\"async\" width=\"895\" height=\"938\" src=\"http:\/\/nouvlair.fr\/wp-content\/uploads\/2025\/08\/image-8.png?w=895\" alt=\"\" class=\"wp-image-91\" style=\"border-radius:50px\" srcset=\"https:\/\/nouvlair.fr\/wp-content\/uploads\/2025\/08\/image-8.png 895w, https:\/\/nouvlair.fr\/wp-content\/uploads\/2025\/08\/image-8-286x300.png 286w, https:\/\/nouvlair.fr\/wp-content\/uploads\/2025\/08\/image-8-768x805.png 768w\" sizes=\"auto, (max-width: 895px) 100vw, 895px\" \/><\/figure>\n<\/div>\n<\/div>\n\n\n\n<hr class=\"wp-block-separator has-alpha-channel-opacity\" \/>\n\n\n\n<div class=\"wp-block-columns alignwide is-layout-flex wp-container-core-columns-is-layout-28f84493 wp-block-columns-is-layout-flex\">\n<div class=\"wp-block-column is-layout-flow wp-block-column-is-layout-flow\">\n<h2 class=\"wp-block-heading has-urbanist-font-family has-x-large-font-size\" id=\"Mentions_L\u00e9gales\">Mentions l\u00e9gales<\/h2>\n\n\n\n<p class=\"has-urbanist-font-family\"><strong>\u00c9diteur du Site :<\/strong><\/p>\n\n\n\n<p class=\"has-urbanist-font-family\">G\u00e9raud Durand<br>Pour l&rsquo;association Nouv&rsquo;l&rsquo;air <\/p>\n\n\n\n<p class=\"has-urbanist-font-family\"><a href=\"https:\/\/www.google.com\/maps\/place\/\/data=!4m2!3m1!1s0x12a861f9f8e0495b:0xb435aa9ac24d046?sa=X&amp;ved=1t:8290&amp;ictx=111\">23 All. d&rsquo;Etigny, 31110 Bagn\u00e8res-de-Luchon<\/a><br>Site Web :&nbsp;<a href=\"http:\/\/pyrennesairtour.wordpress.com\">pyreneesairtour.wordpress.com<\/a><\/p>\n\n\n\n<p class=\"has-urbanist-font-family\"><strong>H\u00e9bergement :<\/strong><\/p>\n\n\n\n<p class=\"has-urbanist-font-family\">H\u00e9bergeur : WordPress, de sa soci\u00e9t\u00e9 m\u00e8re<br><a href=\"https:\/\/automattic.com\/\">Automattic Inc.<\/a><\/p>\n\n\n\n<p class=\"has-urbanist-font-family\">60 29th Street&nbsp;#343<br>San Francisco, CA 94110<\/p>\n\n\n\n<p class=\"has-urbanist-font-family\">United States of America<\/p>\n\n\n\n<p class=\"has-urbanist-font-family\"><strong>Cookies :<\/strong>&nbsp;<\/p>\n\n\n\n<p class=\"has-urbanist-font-family\">Le site&nbsp;<a href=\"http:\/\/pyreneesairtour.wordpress.com\">pyreneesairtour.wordpress.com<\/a>&nbsp;peut-\u00eatre amen\u00e9 \u00e0 vous demander l\u2019acceptation des cookies pour des besoins de statistiques et d\u2019affichage. Un cookies est une information d\u00e9pos\u00e9e sur votre disque dur par le serveur du site que vous visitez. Il contient plusieurs donn\u00e9es qui sont stock\u00e9es sur votre ordinateur dans un simple fichier texte auquel un serveur acc\u00e8de pour lire et enregistrer des informations. Certaines parties de ce site ne peuvent \u00eatre fonctionnelles sans l\u2019acceptation de cookies.<\/p>\n<\/div>\n<\/div>\n<\/div>\n","protected":false},"excerpt":{"rendered":"<p>Contact Pour toute question sur le Pyr\u00e9n\u00e9es Air Tour, vous pouvez nous contacter sur Instagram en direct ou bien utiliser le formulaire ci-dessous : Mentions l\u00e9gales \u00c9diteur du Site : G\u00e9raud DurandPour l&rsquo;association Nouv&rsquo;l&rsquo;air 23 All. d&rsquo;Etigny, 31110 Bagn\u00e8res-de-LuchonSite Web :&nbsp;pyreneesairtour.wordpress.com H\u00e9bergement : H\u00e9bergeur : WordPress, de sa soci\u00e9t\u00e9 m\u00e8reAutomattic Inc. 60 29th Street&nbsp;#343San Francisco, &hellip; <\/p>\n<p class=\"link-more\"><a href=\"https:\/\/nouvlair.fr\/index.php\/contact-mentions-legales\/\" class=\"more-link\">Lire la suite de<span class=\"screen-reader-text\">\u00ab\u00a0Contact &#8211; mentions l\u00e9gales\u00a0\u00bb<\/span><\/a><\/p>\n","protected":false},"author":1,"featured_media":0,"parent":0,"menu_order":0,"comment_status":"closed","ping_status":"closed","template":"","meta":{"inspiro_hide_title":false,"footnotes":""},"class_list":["post-90","page","type-page","status-publish","hentry"],"yoast_head":"<!-- This site is optimized with the Yoast SEO plugin v26.5 - https:\/\/yoast.com\/wordpress\/plugins\/seo\/ -->\n<title>Contact - mentions l\u00e9gales - Nouv&#039;l&#039;air<\/title>\n<meta name=\"robots\" content=\"index, follow, max-snippet:-1, max-image-preview:large, max-video-preview:-1\" \/>\n<link rel=\"canonical\" href=\"http:\/\/nouvlair.fr\/index.php\/contact-mentions-legales\/\" \/>\n<meta property=\"og:locale\" content=\"fr_FR\" \/>\n<meta property=\"og:type\" content=\"article\" \/>\n<meta property=\"og:title\" content=\"Contact - mentions l\u00e9gales - Nouv&#039;l&#039;air\" \/>\n<meta property=\"og:description\" content=\"Contact Pour toute question sur le Pyr\u00e9n\u00e9es Air Tour, vous pouvez nous contacter sur Instagram en direct ou bien utiliser le formulaire ci-dessous : Mentions l\u00e9gales \u00c9diteur du Site : G\u00e9raud DurandPour l&rsquo;association Nouv&rsquo;l&rsquo;air 23 All. d&rsquo;Etigny, 31110 Bagn\u00e8res-de-LuchonSite Web :&nbsp;pyreneesairtour.wordpress.com H\u00e9bergement : H\u00e9bergeur : WordPress, de sa soci\u00e9t\u00e9 m\u00e8reAutomattic Inc. 60 29th Street&nbsp;#343San Francisco, &hellip; Lire la suite de\u00ab\u00a0Contact &#8211; mentions l\u00e9gales\u00a0\u00bb\" \/>\n<meta property=\"og:url\" content=\"http:\/\/nouvlair.fr\/index.php\/contact-mentions-legales\/\" \/>\n<meta property=\"og:site_name\" content=\"Nouv&#039;l&#039;air\" \/>\n<meta property=\"article:publisher\" content=\"https:\/\/www.facebook.com\/groups\/1089474547743317?locale=fr_FR\" \/>\n<meta property=\"og:image\" content=\"http:\/\/nouvlair.fr\/wp-content\/uploads\/2025\/08\/image-8.png?w=895\" \/>\n<meta name=\"twitter:card\" content=\"summary_large_image\" \/>\n<meta name=\"twitter:label1\" content=\"Dur\u00e9e de lecture estim\u00e9e\" \/>\n\t<meta name=\"twitter:data1\" content=\"1 minute\" \/>\n<script type=\"application\/ld+json\" class=\"yoast-schema-graph\">{\"@context\":\"https:\/\/schema.org\",\"@graph\":[{\"@type\":\"WebPage\",\"@id\":\"http:\/\/nouvlair.fr\/index.php\/contact-mentions-legales\/\",\"url\":\"http:\/\/nouvlair.fr\/index.php\/contact-mentions-legales\/\",\"name\":\"Contact - mentions l\u00e9gales - Nouv&#039;l&#039;air\",\"isPartOf\":{\"@id\":\"https:\/\/nouvlair.fr\/#website\"},\"primaryImageOfPage\":{\"@id\":\"http:\/\/nouvlair.fr\/index.php\/contact-mentions-legales\/#primaryimage\"},\"image\":{\"@id\":\"http:\/\/nouvlair.fr\/index.php\/contact-mentions-legales\/#primaryimage\"},\"thumbnailUrl\":\"http:\/\/nouvlair.fr\/wp-content\/uploads\/2025\/08\/image-8.png?w=895\",\"datePublished\":\"2025-08-31T15:12:16+00:00\",\"breadcrumb\":{\"@id\":\"http:\/\/nouvlair.fr\/index.php\/contact-mentions-legales\/#breadcrumb\"},\"inLanguage\":\"fr-FR\",\"potentialAction\":[{\"@type\":\"ReadAction\",\"target\":[\"http:\/\/nouvlair.fr\/index.php\/contact-mentions-legales\/\"]}]},{\"@type\":\"ImageObject\",\"inLanguage\":\"fr-FR\",\"@id\":\"http:\/\/nouvlair.fr\/index.php\/contact-mentions-legales\/#primaryimage\",\"url\":\"https:\/\/nouvlair.fr\/wp-content\/uploads\/2025\/08\/image-8.png\",\"contentUrl\":\"https:\/\/nouvlair.fr\/wp-content\/uploads\/2025\/08\/image-8.png\",\"width\":895,\"height\":938},{\"@type\":\"BreadcrumbList\",\"@id\":\"http:\/\/nouvlair.fr\/index.php\/contact-mentions-legales\/#breadcrumb\",\"itemListElement\":[{\"@type\":\"ListItem\",\"position\":1,\"name\":\"Accueil\",\"item\":\"https:\/\/nouvlair.fr\/\"},{\"@type\":\"ListItem\",\"position\":2,\"name\":\"Contact &#8211; mentions l\u00e9gales\"}]},{\"@type\":\"WebSite\",\"@id\":\"https:\/\/nouvlair.fr\/#website\",\"url\":\"https:\/\/nouvlair.fr\/\",\"name\":\"Nouvlair Pyr\u00e9n\u00e9es Air Tour\",\"description\":\"D\u00e9clencheur de passion\",\"publisher\":{\"@id\":\"https:\/\/nouvlair.fr\/#organization\"},\"potentialAction\":[{\"@type\":\"SearchAction\",\"target\":{\"@type\":\"EntryPoint\",\"urlTemplate\":\"https:\/\/nouvlair.fr\/?s={search_term_string}\"},\"query-input\":{\"@type\":\"PropertyValueSpecification\",\"valueRequired\":true,\"valueName\":\"search_term_string\"}}],\"inLanguage\":\"fr-FR\"},{\"@type\":\"Organization\",\"@id\":\"https:\/\/nouvlair.fr\/#organization\",\"name\":\"Nouv'l'air\",\"url\":\"https:\/\/nouvlair.fr\/\",\"logo\":{\"@type\":\"ImageObject\",\"inLanguage\":\"fr-FR\",\"@id\":\"https:\/\/nouvlair.fr\/#\/schema\/logo\/image\/\",\"url\":\"http:\/\/nouvlair.fr\/wp-content\/uploads\/2025\/12\/logo-nouv-l-air_logo-nouv-l-air-luchon_noir-scaled.png\",\"contentUrl\":\"http:\/\/nouvlair.fr\/wp-content\/uploads\/2025\/12\/logo-nouv-l-air_logo-nouv-l-air-luchon_noir-scaled.png\",\"width\":2560,\"height\":674,\"caption\":\"Nouv'l'air\"},\"image\":{\"@id\":\"https:\/\/nouvlair.fr\/#\/schema\/logo\/image\/\"},\"sameAs\":[\"https:\/\/www.facebook.com\/groups\/1089474547743317?locale=fr_FR\",\"https:\/\/www.instagram.com\/pyrenees_air_tour\/\"]}]}<\/script>\n<!-- \/ Yoast SEO plugin. -->","yoast_head_json":{"title":"Contact - mentions l\u00e9gales - Nouv&#039;l&#039;air","robots":{"index":"index","follow":"follow","max-snippet":"max-snippet:-1","max-image-preview":"max-image-preview:large","max-video-preview":"max-video-preview:-1"},"canonical":"http:\/\/nouvlair.fr\/index.php\/contact-mentions-legales\/","og_locale":"fr_FR","og_type":"article","og_title":"Contact - mentions l\u00e9gales - Nouv&#039;l&#039;air","og_description":"Contact Pour toute question sur le Pyr\u00e9n\u00e9es Air Tour, vous pouvez nous contacter sur Instagram en direct ou bien utiliser le formulaire ci-dessous : Mentions l\u00e9gales \u00c9diteur du Site : G\u00e9raud DurandPour l&rsquo;association Nouv&rsquo;l&rsquo;air 23 All. d&rsquo;Etigny, 31110 Bagn\u00e8res-de-LuchonSite Web :&nbsp;pyreneesairtour.wordpress.com H\u00e9bergement : H\u00e9bergeur : WordPress, de sa soci\u00e9t\u00e9 m\u00e8reAutomattic Inc. 60 29th Street&nbsp;#343San Francisco, &hellip; Lire la suite de\u00ab\u00a0Contact &#8211; mentions l\u00e9gales\u00a0\u00bb","og_url":"http:\/\/nouvlair.fr\/index.php\/contact-mentions-legales\/","og_site_name":"Nouv&#039;l&#039;air","article_publisher":"https:\/\/www.facebook.com\/groups\/1089474547743317?locale=fr_FR","og_image":[{"url":"http:\/\/nouvlair.fr\/wp-content\/uploads\/2025\/08\/image-8.png?w=895","type":"","width":"","height":""}],"twitter_card":"summary_large_image","twitter_misc":{"Dur\u00e9e de lecture estim\u00e9e":"1 minute"},"schema":{"@context":"https:\/\/schema.org","@graph":[{"@type":"WebPage","@id":"http:\/\/nouvlair.fr\/index.php\/contact-mentions-legales\/","url":"http:\/\/nouvlair.fr\/index.php\/contact-mentions-legales\/","name":"Contact - mentions l\u00e9gales - Nouv&#039;l&#039;air","isPartOf":{"@id":"https:\/\/nouvlair.fr\/#website"},"primaryImageOfPage":{"@id":"http:\/\/nouvlair.fr\/index.php\/contact-mentions-legales\/#primaryimage"},"image":{"@id":"http:\/\/nouvlair.fr\/index.php\/contact-mentions-legales\/#primaryimage"},"thumbnailUrl":"http:\/\/nouvlair.fr\/wp-content\/uploads\/2025\/08\/image-8.png?w=895","datePublished":"2025-08-31T15:12:16+00:00","breadcrumb":{"@id":"http:\/\/nouvlair.fr\/index.php\/contact-mentions-legales\/#breadcrumb"},"inLanguage":"fr-FR","potentialAction":[{"@type":"ReadAction","target":["http:\/\/nouvlair.fr\/index.php\/contact-mentions-legales\/"]}]},{"@type":"ImageObject","inLanguage":"fr-FR","@id":"http:\/\/nouvlair.fr\/index.php\/contact-mentions-legales\/#primaryimage","url":"https:\/\/nouvlair.fr\/wp-content\/uploads\/2025\/08\/image-8.png","contentUrl":"https:\/\/nouvlair.fr\/wp-content\/uploads\/2025\/08\/image-8.png","width":895,"height":938},{"@type":"BreadcrumbList","@id":"http:\/\/nouvlair.fr\/index.php\/contact-mentions-legales\/#breadcrumb","itemListElement":[{"@type":"ListItem","position":1,"name":"Accueil","item":"https:\/\/nouvlair.fr\/"},{"@type":"ListItem","position":2,"name":"Contact &#8211; mentions l\u00e9gales"}]},{"@type":"WebSite","@id":"https:\/\/nouvlair.fr\/#website","url":"https:\/\/nouvlair.fr\/","name":"Nouvlair Pyr\u00e9n\u00e9es Air Tour","description":"D\u00e9clencheur de passion","publisher":{"@id":"https:\/\/nouvlair.fr\/#organization"},"potentialAction":[{"@type":"SearchAction","target":{"@type":"EntryPoint","urlTemplate":"https:\/\/nouvlair.fr\/?s={search_term_string}"},"query-input":{"@type":"PropertyValueSpecification","valueRequired":true,"valueName":"search_term_string"}}],"inLanguage":"fr-FR"},{"@type":"Organization","@id":"https:\/\/nouvlair.fr\/#organization","name":"Nouv'l'air","url":"https:\/\/nouvlair.fr\/","logo":{"@type":"ImageObject","inLanguage":"fr-FR","@id":"https:\/\/nouvlair.fr\/#\/schema\/logo\/image\/","url":"http:\/\/nouvlair.fr\/wp-content\/uploads\/2025\/12\/logo-nouv-l-air_logo-nouv-l-air-luchon_noir-scaled.png","contentUrl":"http:\/\/nouvlair.fr\/wp-content\/uploads\/2025\/12\/logo-nouv-l-air_logo-nouv-l-air-luchon_noir-scaled.png","width":2560,"height":674,"caption":"Nouv'l'air"},"image":{"@id":"https:\/\/nouvlair.fr\/#\/schema\/logo\/image\/"},"sameAs":["https:\/\/www.facebook.com\/groups\/1089474547743317?locale=fr_FR","https:\/\/www.instagram.com\/pyrenees_air_tour\/"]}]}},"_links":{"self":[{"href":"https:\/\/nouvlair.fr\/index.php\/wp-json\/wp\/v2\/pages\/90","targetHints":{"allow":["GET"]}}],"collection":[{"href":"https:\/\/nouvlair.fr\/index.php\/wp-json\/wp\/v2\/pages"}],"about":[{"href":"https:\/\/nouvlair.fr\/index.php\/wp-json\/wp\/v2\/types\/page"}],"author":[{"embeddable":true,"href":"https:\/\/nouvlair.fr\/index.php\/wp-json\/wp\/v2\/users\/1"}],"replies":[{"embeddable":true,"href":"https:\/\/nouvlair.fr\/index.php\/wp-json\/wp\/v2\/comments?post=90"}],"version-history":[{"count":0,"href":"https:\/\/nouvlair.fr\/index.php\/wp-json\/wp\/v2\/pages\/90\/revisions"}],"wp:attachment":[{"href":"https:\/\/nouvlair.fr\/index.php\/wp-json\/wp\/v2\/media?parent=90"}],"curies":[{"name":"wp","href":"https:\/\/api.w.org\/{rel}","templated":true}]}}